{"id":178,"date":"2024-03-28T10:49:17","date_gmt":"2024-03-28T08:49:17","guid":{"rendered":"https:\/\/lavidenta.lt\/?page_id=178"},"modified":"2025-06-10T13:29:02","modified_gmt":"2025-06-10T10:29:02","slug":"burnos-higiena","status":"publish","type":"page","link":"https:\/\/lavidenta.lt\/en\/burnos-higiena\/","title":{"rendered":"Dental Hygiene"},"content":{"rendered":"<div data-elementor-type=\"wp-page\" data-elementor-id=\"178\" class=\"elementor elementor-178\" data-elementor-post-type=\"page\">\n\t\t\t\t<div class=\"elementor-element elementor-element-cd8176c e-con-full e-flex e-con e-parent\" data-id=\"cd8176c\" data-element_type=\"container\" data-e-type=\"container\" data-settings=\"{&quot;background_background&quot;:&quot;classic&quot;}\">\n\t\t<div class=\"elementor-element elementor-element-cdc3747 e-con-full e-flex e-con e-child\" data-id=\"cdc3747\" data-element_type=\"container\" data-e-type=\"container\">\n\t\t\t\t<div class=\"elementor-element elementor-element-b8745f7 elementor-widget elementor-widget-heading\" data-id=\"b8745f7\" data-element_type=\"widget\" data-e-type=\"widget\" data-widget_type=\"heading.default\">\n\t\t\t\t<div class=\"elementor-widget-container\">\n\t\t\t\t\t<h1 class=\"elementor-heading-title elementor-size-default\">Dental Hygiene<\/h1>\t\t\t\t<\/div>\n\t\t\t\t<\/div>\n\t\t\t\t<div class=\"elementor-element elementor-element-02129e9 elementor-widget elementor-widget-text-editor\" data-id=\"02129e9\" data-element_type=\"widget\" data-e-type=\"widget\" data-widget_type=\"text-editor.default\">\n\t\t\t\t<div class=\"elementor-widget-container\">\n\t\t\t\t\t\t\t\t\t<p><strong>Keep your teeth healthy<\/strong><\/p><p>Oral hygiene is an essential and beneficial procedure for everyone, performed not only before dental treatment but also for patients with completely healthy teeth. By regularly undergoing professional oral hygiene at the Lavidenta clinic, you will prevent oral diseases, remove plaque and tartar that even the best toothbrush can't tackle, and your teeth will become noticeably whiter!<\/p>\t\t\t\t\t\t\t\t<\/div>\n\t\t\t\t<\/div>\n\t\t\t\t<\/div>\n\t\t<div class=\"elementor-element elementor-element-5d7063b e-con-full e-flex e-con e-child\" data-id=\"5d7063b\" data-element_type=\"container\" data-e-type=\"container\" data-settings=\"{&quot;background_background&quot;:&quot;classic&quot;}\">\n\t\t\t\t<\/div>\n\t\t\t\t<\/div>\n\t\t<div class=\"elementor-element elementor-element-5ed0a9b e-flex e-con-boxed e-con e-parent\" data-id=\"5ed0a9b\" data-element_type=\"container\" data-e-type=\"container\" data-settings=\"{&quot;background_background&quot;:&quot;classic&quot;}\">\n\t\t\t\t\t<div class=\"e-con-inner\">\n\t\t<div class=\"elementor-element elementor-element-f26a374 e-con-full e-flex e-con e-child\" data-id=\"f26a374\" data-element_type=\"container\" data-e-type=\"container\">\n\t\t\t\t<div class=\"elementor-element elementor-element-e8adff8 elementor-widget elementor-widget-image\" data-id=\"e8adff8\" data-element_type=\"widget\" data-e-type=\"widget\" data-widget_type=\"image.default\">\n\t\t\t\t<div class=\"elementor-widget-container\">\n\t\t\t\t\t\t\t\t\t\t\t\t\t\t\t<img fetchpriority=\"high\" decoding=\"async\" width=\"1767\" height=\"1200\" src=\"https:\/\/lavidenta.lt\/wp-content\/uploads\/2025\/06\/DSC06455.webp\" class=\"attachment-full size-full wp-image-698\" alt=\"\" srcset=\"https:\/\/lavidenta.lt\/wp-content\/uploads\/2025\/06\/DSC06455.webp 1767w, https:\/\/lavidenta.lt\/wp-content\/uploads\/2025\/06\/DSC06455-300x204.webp 300w, https:\/\/lavidenta.lt\/wp-content\/uploads\/2025\/06\/DSC06455-1024x695.webp 1024w, https:\/\/lavidenta.lt\/wp-content\/uploads\/2025\/06\/DSC06455-768x522.webp 768w, https:\/\/lavidenta.lt\/wp-content\/uploads\/2025\/06\/DSC06455-1536x1043.webp 1536w\" sizes=\"(max-width: 1767px) 100vw, 1767px\" \/>\t\t\t\t\t\t\t\t\t\t\t\t\t\t\t<\/div>\n\t\t\t\t<\/div>\n\t\t\t\t<\/div>\n\t\t<div class=\"elementor-element elementor-element-48e51ba e-con-full e-flex e-con e-child\" data-id=\"48e51ba\" data-element_type=\"container\" data-e-type=\"container\">\n\t\t\t\t<div class=\"elementor-element elementor-element-04a9b0c elementor-widget elementor-widget-heading\" data-id=\"04a9b0c\" data-element_type=\"widget\" data-e-type=\"widget\" data-widget_type=\"heading.default\">\n\t\t\t\t<div class=\"elementor-widget-container\">\n\t\t\t\t\t<h2 class=\"elementor-heading-title elementor-size-default\">Dentists' Recommendations<\/h2>\t\t\t\t<\/div>\n\t\t\t\t<\/div>\n\t\t\t\t<div class=\"elementor-element elementor-element-e6d5e25 elementor-widget elementor-widget-text-editor\" data-id=\"e6d5e25\" data-element_type=\"widget\" data-e-type=\"widget\" data-widget_type=\"text-editor.default\">\n\t\t\t\t<div class=\"elementor-widget-container\">\n\t\t\t\t\t\t\t\t\t<p>Professional oral hygiene not only protects against serious diseases but also improves the aesthetics of your smile. Specialists recommend visiting a dental hygienist 1\u20132 times a year, and every 3\u20134 months if you have periodontal issues.\u00a0<\/p><p>Regular professional oral hygiene can help prevent inflammatory diseases of the oral cavity and ensure a lasting feeling of cleanliness and freshness.\u00a0<\/p><p>For maximum aesthetic results, teeth whitening is recommended. Please note that fillings and crowns do not whiten, so it\u2019s advisable to schedule fillings, prosthetics, or aesthetic restorations after the whitening procedure. To achieve the desired whiteness, the procedure may need to be repeated several times. After the treatment, teeth may be slightly sensitive, but this usually subsides within a few days. With proper dental care, the whiteness can last for several years or even longer.<\/p>\t\t\t\t\t\t\t\t<\/div>\n\t\t\t\t<\/div>\n\t\t\t\t<div class=\"elementor-element elementor-element-de85b03 elementor-mobile-align-center elementor-widget elementor-widget-button\" data-id=\"de85b03\" data-element_type=\"widget\" data-e-type=\"widget\" data-widget_type=\"button.default\">\n\t\t\t\t<div class=\"elementor-widget-container\">\n\t\t\t\t\t\t\t\t\t<div class=\"elementor-button-wrapper\">\n\t\t\t\t\t<a class=\"elementor-button elementor-button-link elementor-size-sm\" href=\"\/en\/kontaktai\/#registracija\">\n\t\t\t\t\t\t<span class=\"elementor-button-content-wrapper\">\n\t\t\t\t\t\t\t\t\t<span class=\"elementor-button-text\">Register for an appointment<\/span>\n\t\t\t\t\t<\/span>\n\t\t\t\t\t<\/a>\n\t\t\t\t<\/div>\n\t\t\t\t\t\t\t\t<\/div>\n\t\t\t\t<\/div>\n\t\t\t\t<\/div>\n\t\t\t\t\t<\/div>\n\t\t\t\t<\/div>\n\t\t<div class=\"elementor-element elementor-element-bb60d35 e-flex e-con-boxed e-con e-parent\" data-id=\"bb60d35\" data-element_type=\"container\" data-e-type=\"container\">\n\t\t\t\t\t<div class=\"e-con-inner\">\n\t\t\t\t<div class=\"elementor-element elementor-element-2c340ab elementor-widget elementor-widget-heading\" data-id=\"2c340ab\" data-element_type=\"widget\" data-e-type=\"widget\" data-widget_type=\"heading.default\">\n\t\t\t\t<div class=\"elementor-widget-container\">\n\t\t\t\t\t<h2 class=\"elementor-heading-title elementor-size-default\">Specialists<\/h2>\t\t\t\t<\/div>\n\t\t\t\t<\/div>\n\t\t\t\t<div class=\"elementor-element elementor-element-e7e7d31 elementor-widget__width-initial elementor-position-top elementor-widget elementor-widget-image-box\" data-id=\"e7e7d31\" data-element_type=\"widget\" data-e-type=\"widget\" data-widget_type=\"image-box.default\">\n\t\t\t\t<div class=\"elementor-widget-container\">\n\t\t\t\t\t<div class=\"elementor-image-box-wrapper\"><figure class=\"elementor-image-box-img\"><img decoding=\"async\" width=\"1080\" height=\"1520\" src=\"https:\/\/lavidenta.lt\/wp-content\/uploads\/2025\/06\/6.webp\" class=\"attachment-full size-full wp-image-682\" alt=\"\" srcset=\"https:\/\/lavidenta.lt\/wp-content\/uploads\/2025\/06\/6.webp 1080w, https:\/\/lavidenta.lt\/wp-content\/uploads\/2025\/06\/6-213x300.webp 213w, https:\/\/lavidenta.lt\/wp-content\/uploads\/2025\/06\/6-728x1024.webp 728w, https:\/\/lavidenta.lt\/wp-content\/uploads\/2025\/06\/6-768x1081.webp 768w\" sizes=\"(max-width: 1080px) 100vw, 1080px\" \/><\/figure><div class=\"elementor-image-box-content\"><h3 class=\"elementor-image-box-title\">Gabriel\u0117 Prialgauskait\u0117<\/h3><p class=\"elementor-image-box-description\">Dental Hygienist<\/p><\/div><\/div>\t\t\t\t<\/div>\n\t\t\t\t<\/div>\n\t\t\t\t\t<\/div>\n\t\t\t\t<\/div>\n\t\t\t\t<\/div>","protected":false},"excerpt":{"rendered":"<p>I\u0161saugokite sveikus dantis Burnos higiena &#8211; b\u016btina ir kiekvienam naudinga proced\u016bra, atliekama ne tik pacientams prie\u0161 odontologin\u012f gydym\u0105, bet ir esant visi\u0161kai sveikiems dantims. Reguliariai atlikdami profesionali\u0105 burnos higien\u0105 klinikoje \u201eLavidenta\u201c, i\u0161vengsite burnos ertm\u0117s lig\u0173, bus pa\u0161alinti net ir geriausiam burnos \u0161epet\u0117liui ne\u012fveikiami akmenys bei apna\u0161os, o dantys taps akivaizd\u017eiai baltesni! Gydytoj\u0173 rekomendacijos Profesionali burnos [&hellip;]<\/p>\n","protected":false},"author":1,"featured_media":0,"parent":0,"menu_order":0,"comment_status":"closed","ping_status":"closed","template":"elementor_header_footer","meta":{"footnotes":""},"class_list":["post-178","page","type-page","status-publish","hentry"],"yoast_head":"<!-- This site is optimized with the Yoast SEO plugin v27.5 - https:\/\/yoast.com\/product\/yoast-seo-wordpress\/ -->\n<title>Burnos higiena - lavidenta.lt<\/title>\n<meta name=\"robots\" content=\"index, follow, max-snippet:-1, max-image-preview:large, max-video-preview:-1\" \/>\n<link rel=\"canonical\" href=\"https:\/\/lavidenta.lt\/en\/burnos-higiena\/\" \/>\n<meta property=\"og:locale\" content=\"en_GB\" \/>\n<meta property=\"og:type\" content=\"article\" \/>\n<meta property=\"og:title\" content=\"Burnos higiena - lavidenta.lt\" \/>\n<meta property=\"og:description\" content=\"I\u0161saugokite sveikus dantis Burnos higiena &#8211; b\u016btina ir kiekvienam naudinga proced\u016bra, atliekama ne tik pacientams prie\u0161 odontologin\u012f gydym\u0105, bet ir esant visi\u0161kai sveikiems dantims. Reguliariai atlikdami profesionali\u0105 burnos higien\u0105 klinikoje \u201eLavidenta\u201c, i\u0161vengsite burnos ertm\u0117s lig\u0173, bus pa\u0161alinti net ir geriausiam burnos \u0161epet\u0117liui ne\u012fveikiami akmenys bei apna\u0161os, o dantys taps akivaizd\u017eiai baltesni! Gydytoj\u0173 rekomendacijos Profesionali burnos [&hellip;]\" \/>\n<meta property=\"og:url\" content=\"https:\/\/lavidenta.lt\/en\/burnos-higiena\/\" \/>\n<meta property=\"og:site_name\" content=\"lavidenta.lt\" \/>\n<meta property=\"article:modified_time\" content=\"2025-06-10T10:29:02+00:00\" \/>\n<meta property=\"og:image\" content=\"https:\/\/lavidenta.lt\/wp-content\/uploads\/2025\/06\/DSC06455.webp\" \/>\n<meta name=\"twitter:card\" content=\"summary_large_image\" \/>\n<meta name=\"twitter:label1\" content=\"Estimated reading time\" \/>\n\t<meta name=\"twitter:data1\" content=\"2 minutes\" \/>\n<script type=\"application\/ld+json\" class=\"yoast-schema-graph\">{\"@context\":\"https:\\\/\\\/schema.org\",\"@graph\":[{\"@type\":\"WebPage\",\"@id\":\"https:\\\/\\\/lavidenta.lt\\\/burnos-higiena\\\/\",\"url\":\"https:\\\/\\\/lavidenta.lt\\\/burnos-higiena\\\/\",\"name\":\"Burnos higiena - lavidenta.lt\",\"isPartOf\":{\"@id\":\"https:\\\/\\\/lavidenta.lt\\\/#website\"},\"primaryImageOfPage\":{\"@id\":\"https:\\\/\\\/lavidenta.lt\\\/burnos-higiena\\\/#primaryimage\"},\"image\":{\"@id\":\"https:\\\/\\\/lavidenta.lt\\\/burnos-higiena\\\/#primaryimage\"},\"thumbnailUrl\":\"https:\\\/\\\/lavidenta.lt\\\/wp-content\\\/uploads\\\/2025\\\/06\\\/DSC06455.webp\",\"datePublished\":\"2024-03-28T08:49:17+00:00\",\"dateModified\":\"2025-06-10T10:29:02+00:00\",\"breadcrumb\":{\"@id\":\"https:\\\/\\\/lavidenta.lt\\\/burnos-higiena\\\/#breadcrumb\"},\"inLanguage\":\"en-GB\",\"potentialAction\":[{\"@type\":\"ReadAction\",\"target\":[\"https:\\\/\\\/lavidenta.lt\\\/burnos-higiena\\\/\"]}]},{\"@type\":\"ImageObject\",\"inLanguage\":\"en-GB\",\"@id\":\"https:\\\/\\\/lavidenta.lt\\\/burnos-higiena\\\/#primaryimage\",\"url\":\"https:\\\/\\\/lavidenta.lt\\\/wp-content\\\/uploads\\\/2025\\\/06\\\/DSC06455.webp\",\"contentUrl\":\"https:\\\/\\\/lavidenta.lt\\\/wp-content\\\/uploads\\\/2025\\\/06\\\/DSC06455.webp\"},{\"@type\":\"BreadcrumbList\",\"@id\":\"https:\\\/\\\/lavidenta.lt\\\/burnos-higiena\\\/#breadcrumb\",\"itemListElement\":[{\"@type\":\"ListItem\",\"position\":1,\"name\":\"Home\",\"item\":\"https:\\\/\\\/lavidenta.lt\\\/\"},{\"@type\":\"ListItem\",\"position\":2,\"name\":\"Burnos higiena\"}]},{\"@type\":\"WebSite\",\"@id\":\"https:\\\/\\\/lavidenta.lt\\\/#website\",\"url\":\"https:\\\/\\\/lavidenta.lt\\\/\",\"name\":\"lavidenta.lt\",\"description\":\"\",\"publisher\":{\"@id\":\"https:\\\/\\\/lavidenta.lt\\\/#organization\"},\"potentialAction\":[{\"@type\":\"SearchAction\",\"target\":{\"@type\":\"EntryPoint\",\"urlTemplate\":\"https:\\\/\\\/lavidenta.lt\\\/?s={search_term_string}\"},\"query-input\":{\"@type\":\"PropertyValueSpecification\",\"valueRequired\":true,\"valueName\":\"search_term_string\"}}],\"inLanguage\":\"en-GB\"},{\"@type\":\"Organization\",\"@id\":\"https:\\\/\\\/lavidenta.lt\\\/#organization\",\"name\":\"lavidenta.lt\",\"url\":\"https:\\\/\\\/lavidenta.lt\\\/\",\"logo\":{\"@type\":\"ImageObject\",\"inLanguage\":\"en-GB\",\"@id\":\"https:\\\/\\\/lavidenta.lt\\\/#\\\/schema\\\/logo\\\/image\\\/\",\"url\":\"https:\\\/\\\/lavidenta.lt\\\/wp-content\\\/uploads\\\/2024\\\/03\\\/lavidenta-logo-n.svg\",\"contentUrl\":\"https:\\\/\\\/lavidenta.lt\\\/wp-content\\\/uploads\\\/2024\\\/03\\\/lavidenta-logo-n.svg\",\"width\":666,\"height\":145,\"caption\":\"lavidenta.lt\"},\"image\":{\"@id\":\"https:\\\/\\\/lavidenta.lt\\\/#\\\/schema\\\/logo\\\/image\\\/\"}}]}<\/script>\n<!-- \/ Yoast SEO plugin. -->","yoast_head_json":{"title":"Burnos higiena - lavidenta.lt","robots":{"index":"index","follow":"follow","max-snippet":"max-snippet:-1","max-image-preview":"max-image-preview:large","max-video-preview":"max-video-preview:-1"},"canonical":"https:\/\/lavidenta.lt\/en\/burnos-higiena\/","og_locale":"en_GB","og_type":"article","og_title":"Burnos higiena - lavidenta.lt","og_description":"I\u0161saugokite sveikus dantis Burnos higiena &#8211; b\u016btina ir kiekvienam naudinga proced\u016bra, atliekama ne tik pacientams prie\u0161 odontologin\u012f gydym\u0105, bet ir esant visi\u0161kai sveikiems dantims. Reguliariai atlikdami profesionali\u0105 burnos higien\u0105 klinikoje \u201eLavidenta\u201c, i\u0161vengsite burnos ertm\u0117s lig\u0173, bus pa\u0161alinti net ir geriausiam burnos \u0161epet\u0117liui ne\u012fveikiami akmenys bei apna\u0161os, o dantys taps akivaizd\u017eiai baltesni! Gydytoj\u0173 rekomendacijos Profesionali burnos [&hellip;]","og_url":"https:\/\/lavidenta.lt\/en\/burnos-higiena\/","og_site_name":"lavidenta.lt","article_modified_time":"2025-06-10T10:29:02+00:00","og_image":[{"url":"https:\/\/lavidenta.lt\/wp-content\/uploads\/2025\/06\/DSC06455.webp","type":"","width":"","height":""}],"twitter_card":"summary_large_image","twitter_misc":{"Estimated reading time":"2 minutes"},"schema":{"@context":"https:\/\/schema.org","@graph":[{"@type":"WebPage","@id":"https:\/\/lavidenta.lt\/burnos-higiena\/","url":"https:\/\/lavidenta.lt\/burnos-higiena\/","name":"Burnos higiena - lavidenta.lt","isPartOf":{"@id":"https:\/\/lavidenta.lt\/#website"},"primaryImageOfPage":{"@id":"https:\/\/lavidenta.lt\/burnos-higiena\/#primaryimage"},"image":{"@id":"https:\/\/lavidenta.lt\/burnos-higiena\/#primaryimage"},"thumbnailUrl":"https:\/\/lavidenta.lt\/wp-content\/uploads\/2025\/06\/DSC06455.webp","datePublished":"2024-03-28T08:49:17+00:00","dateModified":"2025-06-10T10:29:02+00:00","breadcrumb":{"@id":"https:\/\/lavidenta.lt\/burnos-higiena\/#breadcrumb"},"inLanguage":"en-GB","potentialAction":[{"@type":"ReadAction","target":["https:\/\/lavidenta.lt\/burnos-higiena\/"]}]},{"@type":"ImageObject","inLanguage":"en-GB","@id":"https:\/\/lavidenta.lt\/burnos-higiena\/#primaryimage","url":"https:\/\/lavidenta.lt\/wp-content\/uploads\/2025\/06\/DSC06455.webp","contentUrl":"https:\/\/lavidenta.lt\/wp-content\/uploads\/2025\/06\/DSC06455.webp"},{"@type":"BreadcrumbList","@id":"https:\/\/lavidenta.lt\/burnos-higiena\/#breadcrumb","itemListElement":[{"@type":"ListItem","position":1,"name":"Home","item":"https:\/\/lavidenta.lt\/"},{"@type":"ListItem","position":2,"name":"Burnos higiena"}]},{"@type":"WebSite","@id":"https:\/\/lavidenta.lt\/#website","url":"https:\/\/lavidenta.lt\/","name":"lavidenta.lt","description":"","publisher":{"@id":"https:\/\/lavidenta.lt\/#organization"},"potentialAction":[{"@type":"SearchAction","target":{"@type":"EntryPoint","urlTemplate":"https:\/\/lavidenta.lt\/?s={search_term_string}"},"query-input":{"@type":"PropertyValueSpecification","valueRequired":true,"valueName":"search_term_string"}}],"inLanguage":"en-GB"},{"@type":"Organization","@id":"https:\/\/lavidenta.lt\/#organization","name":"lavidenta.lt","url":"https:\/\/lavidenta.lt\/","logo":{"@type":"ImageObject","inLanguage":"en-GB","@id":"https:\/\/lavidenta.lt\/#\/schema\/logo\/image\/","url":"https:\/\/lavidenta.lt\/wp-content\/uploads\/2024\/03\/lavidenta-logo-n.svg","contentUrl":"https:\/\/lavidenta.lt\/wp-content\/uploads\/2024\/03\/lavidenta-logo-n.svg","width":666,"height":145,"caption":"lavidenta.lt"},"image":{"@id":"https:\/\/lavidenta.lt\/#\/schema\/logo\/image\/"}}]}},"_links":{"self":[{"href":"https:\/\/lavidenta.lt\/en\/wp-json\/wp\/v2\/pages\/178","targetHints":{"allow":["GET"]}}],"collection":[{"href":"https:\/\/lavidenta.lt\/en\/wp-json\/wp\/v2\/pages"}],"about":[{"href":"https:\/\/lavidenta.lt\/en\/wp-json\/wp\/v2\/types\/page"}],"author":[{"embeddable":true,"href":"https:\/\/lavidenta.lt\/en\/wp-json\/wp\/v2\/users\/1"}],"replies":[{"embeddable":true,"href":"https:\/\/lavidenta.lt\/en\/wp-json\/wp\/v2\/comments?post=178"}],"version-history":[{"count":3,"href":"https:\/\/lavidenta.lt\/en\/wp-json\/wp\/v2\/pages\/178\/revisions"}],"predecessor-version":[{"id":702,"href":"https:\/\/lavidenta.lt\/en\/wp-json\/wp\/v2\/pages\/178\/revisions\/702"}],"wp:attachment":[{"href":"https:\/\/lavidenta.lt\/en\/wp-json\/wp\/v2\/media?parent=178"}],"curies":[{"name":"wp","href":"https:\/\/api.w.org\/{rel}","templated":true}]}}