{"id":375,"date":"2024-04-04T09:38:24","date_gmt":"2024-04-04T06:38:24","guid":{"rendered":"https:\/\/lavidenta.lt\/?page_id=375"},"modified":"2026-05-06T11:47:59","modified_gmt":"2026-05-06T08:47:59","slug":"terapinis-gydymas","status":"publish","type":"page","link":"https:\/\/lavidenta.lt\/en\/terapinis-gydymas\/","title":{"rendered":"Therapeutic treatment"},"content":{"rendered":"<div data-elementor-type=\"wp-page\" data-elementor-id=\"375\" class=\"elementor elementor-375\" data-elementor-post-type=\"page\">\n\t\t\t\t<div class=\"elementor-element elementor-element-cd8176c e-con-full e-flex e-con e-parent\" data-id=\"cd8176c\" data-element_type=\"container\" data-e-type=\"container\" data-settings=\"{&quot;background_background&quot;:&quot;classic&quot;}\">\n\t\t<div class=\"elementor-element elementor-element-cdc3747 e-con-full e-flex e-con e-child\" data-id=\"cdc3747\" data-element_type=\"container\" data-e-type=\"container\">\n\t\t\t\t<div class=\"elementor-element elementor-element-b8745f7 elementor-widget elementor-widget-heading\" data-id=\"b8745f7\" data-element_type=\"widget\" data-e-type=\"widget\" data-widget_type=\"heading.default\">\n\t\t\t\t<div class=\"elementor-widget-container\">\n\t\t\t\t\t<h1 class=\"elementor-heading-title elementor-size-default\">Therapeutic treatment<\/h1>\t\t\t\t<\/div>\n\t\t\t\t<\/div>\n\t\t\t\t<div class=\"elementor-element elementor-element-02129e9 elementor-widget elementor-widget-text-editor\" data-id=\"02129e9\" data-element_type=\"widget\" data-e-type=\"widget\" data-widget_type=\"text-editor.default\">\n\t\t\t\t<div class=\"elementor-widget-container\">\n\t\t\t\t\t\t\t\t\t<p><strong>Prevent dental and oral diseases<\/strong><\/p><p>Experiencing tooth pain, sensitivity, discoloration, or new gaps between teeth? Don\u2019t wait until the pain becomes a constant part of your life. At the Lavidenta clinic, we place special emphasis on therapeutic dental treatment to prevent dental and oral diseases.<\/p>\t\t\t\t\t\t\t\t<\/div>\n\t\t\t\t<\/div>\n\t\t\t\t<\/div>\n\t\t<div class=\"elementor-element elementor-element-5d7063b e-con-full e-flex e-con e-child\" data-id=\"5d7063b\" data-element_type=\"container\" data-e-type=\"container\" data-settings=\"{&quot;background_background&quot;:&quot;classic&quot;}\">\n\t\t\t\t<\/div>\n\t\t\t\t<\/div>\n\t\t<div class=\"elementor-element elementor-element-5ed0a9b e-flex e-con-boxed e-con e-parent\" data-id=\"5ed0a9b\" data-element_type=\"container\" data-e-type=\"container\" data-settings=\"{&quot;background_background&quot;:&quot;classic&quot;}\">\n\t\t\t\t\t<div class=\"e-con-inner\">\n\t\t<div class=\"elementor-element elementor-element-f26a374 e-con-full e-flex e-con e-child\" data-id=\"f26a374\" data-element_type=\"container\" data-e-type=\"container\">\n\t\t\t\t<div class=\"elementor-element elementor-element-e8adff8 elementor-widget elementor-widget-image\" data-id=\"e8adff8\" data-element_type=\"widget\" data-e-type=\"widget\" data-widget_type=\"image.default\">\n\t\t\t\t<div class=\"elementor-widget-container\">\n\t\t\t\t\t\t\t\t\t\t\t\t\t\t\t<img fetchpriority=\"high\" decoding=\"async\" width=\"1800\" height=\"1200\" src=\"https:\/\/lavidenta.lt\/wp-content\/uploads\/2025\/06\/DSC06525.webp\" class=\"attachment-full size-full wp-image-704\" alt=\"\" srcset=\"https:\/\/lavidenta.lt\/wp-content\/uploads\/2025\/06\/DSC06525.webp 1800w, https:\/\/lavidenta.lt\/wp-content\/uploads\/2025\/06\/DSC06525-300x200.webp 300w, https:\/\/lavidenta.lt\/wp-content\/uploads\/2025\/06\/DSC06525-1024x683.webp 1024w, https:\/\/lavidenta.lt\/wp-content\/uploads\/2025\/06\/DSC06525-768x512.webp 768w, https:\/\/lavidenta.lt\/wp-content\/uploads\/2025\/06\/DSC06525-1536x1024.webp 1536w\" sizes=\"(max-width: 1800px) 100vw, 1800px\" \/>\t\t\t\t\t\t\t\t\t\t\t\t\t\t\t<\/div>\n\t\t\t\t<\/div>\n\t\t\t\t<\/div>\n\t\t<div class=\"elementor-element elementor-element-48e51ba e-con-full e-flex e-con e-child\" data-id=\"48e51ba\" data-element_type=\"container\" data-e-type=\"container\">\n\t\t\t\t<div class=\"elementor-element elementor-element-04a9b0c elementor-widget elementor-widget-heading\" data-id=\"04a9b0c\" data-element_type=\"widget\" data-e-type=\"widget\" data-widget_type=\"heading.default\">\n\t\t\t\t<div class=\"elementor-widget-container\">\n\t\t\t\t\t<h2 class=\"elementor-heading-title elementor-size-default\">Dentists' Recommendations<\/h2>\t\t\t\t<\/div>\n\t\t\t\t<\/div>\n\t\t\t\t<div class=\"elementor-element elementor-element-e6d5e25 elementor-widget elementor-widget-text-editor\" data-id=\"e6d5e25\" data-element_type=\"widget\" data-e-type=\"widget\" data-widget_type=\"text-editor.default\">\n\t\t\t\t<div class=\"elementor-widget-container\">\n\t\t\t\t\t\t\t\t\t<p>Therapeutic dental treatment involves the diagnosis and non-surgical treatment of dental and oral cavity diseases.\u00a0<\/p><p>This field includes the filling of teeth affected by cavities, treatment of tooth sensitivity, and aesthetic fillings.\u00a0<\/p><p>Modern fillings can be completely unnoticeable to the naked eye \u2013 their color is matched to the natural tooth shade, and the surface is shaped to match the tooth\u2019s anatomy.\u00a0<\/p><p>By regularly having dental check-ups at the dentist\u2019s office, it is possible to prevent more serious problems and limit treatment to therapeutic care and professional oral hygiene.\u00a0<\/p>\t\t\t\t\t\t\t\t<\/div>\n\t\t\t\t<\/div>\n\t\t\t\t<div class=\"elementor-element elementor-element-de85b03 elementor-mobile-align-center elementor-widget elementor-widget-button\" data-id=\"de85b03\" data-element_type=\"widget\" data-e-type=\"widget\" data-widget_type=\"button.default\">\n\t\t\t\t<div class=\"elementor-widget-container\">\n\t\t\t\t\t\t\t\t\t<div class=\"elementor-button-wrapper\">\n\t\t\t\t\t<a class=\"elementor-button elementor-button-link elementor-size-sm\" href=\"\/en\/kontaktai\/#registracija\">\n\t\t\t\t\t\t<span class=\"elementor-button-content-wrapper\">\n\t\t\t\t\t\t\t\t\t<span class=\"elementor-button-text\">Register for an appointment<\/span>\n\t\t\t\t\t<\/span>\n\t\t\t\t\t<\/a>\n\t\t\t\t<\/div>\n\t\t\t\t\t\t\t\t<\/div>\n\t\t\t\t<\/div>\n\t\t\t\t<\/div>\n\t\t\t\t\t<\/div>\n\t\t\t\t<\/div>\n\t\t<div class=\"elementor-element elementor-element-bb60d35 e-flex e-con-boxed e-con e-parent\" data-id=\"bb60d35\" data-element_type=\"container\" data-e-type=\"container\">\n\t\t\t\t\t<div class=\"e-con-inner\">\n\t\t\t\t<div class=\"elementor-element elementor-element-2c340ab elementor-widget elementor-widget-heading\" data-id=\"2c340ab\" data-element_type=\"widget\" data-e-type=\"widget\" data-widget_type=\"heading.default\">\n\t\t\t\t<div class=\"elementor-widget-container\">\n\t\t\t\t\t<h2 class=\"elementor-heading-title elementor-size-default\">Specialists<\/h2>\t\t\t\t<\/div>\n\t\t\t\t<\/div>\n\t\t<div class=\"elementor-element elementor-element-601606c e-flex e-con-boxed e-con e-child\" data-id=\"601606c\" data-element_type=\"container\" data-e-type=\"container\">\n\t\t\t\t\t<div class=\"e-con-inner\">\n\t\t\t\t<div class=\"elementor-element elementor-element-296cb5f elementor-widget__width-initial elementor-position-top elementor-widget elementor-widget-image-box\" data-id=\"296cb5f\" data-element_type=\"widget\" data-e-type=\"widget\" data-widget_type=\"image-box.default\">\n\t\t\t\t<div class=\"elementor-widget-container\">\n\t\t\t\t\t<div class=\"elementor-image-box-wrapper\"><figure class=\"elementor-image-box-img\"><img decoding=\"async\" width=\"1080\" height=\"1520\" src=\"https:\/\/lavidenta.lt\/wp-content\/uploads\/2025\/06\/3.webp\" class=\"attachment-full size-full wp-image-679\" alt=\"\" srcset=\"https:\/\/lavidenta.lt\/wp-content\/uploads\/2025\/06\/3.webp 1080w, https:\/\/lavidenta.lt\/wp-content\/uploads\/2025\/06\/3-213x300.webp 213w, https:\/\/lavidenta.lt\/wp-content\/uploads\/2025\/06\/3-728x1024.webp 728w, https:\/\/lavidenta.lt\/wp-content\/uploads\/2025\/06\/3-768x1081.webp 768w\" sizes=\"(max-width: 1080px) 100vw, 1080px\" \/><\/figure><div class=\"elementor-image-box-content\"><h3 class=\"elementor-image-box-title\">Jolita Stund\u017eyt\u0117<\/h3><p class=\"elementor-image-box-description\">Dentist\n<\/p><\/div><\/div>\t\t\t\t<\/div>\n\t\t\t\t<\/div>\n\t\t\t\t<div class=\"elementor-element elementor-element-7f8aa12 elementor-widget__width-initial elementor-position-top elementor-widget elementor-widget-image-box\" data-id=\"7f8aa12\" data-element_type=\"widget\" data-e-type=\"widget\" data-widget_type=\"image-box.default\">\n\t\t\t\t<div class=\"elementor-widget-container\">\n\t\t\t\t\t<div class=\"elementor-image-box-wrapper\"><figure class=\"elementor-image-box-img\"><img decoding=\"async\" width=\"756\" height=\"1064\" src=\"https:\/\/lavidenta.lt\/wp-content\/uploads\/2025\/09\/PAULIUS-BERANKIS-1.webp\" class=\"attachment-full size-full wp-image-807\" alt=\"\" srcset=\"https:\/\/lavidenta.lt\/wp-content\/uploads\/2025\/09\/PAULIUS-BERANKIS-1.webp 756w, https:\/\/lavidenta.lt\/wp-content\/uploads\/2025\/09\/PAULIUS-BERANKIS-1-213x300.webp 213w, https:\/\/lavidenta.lt\/wp-content\/uploads\/2025\/09\/PAULIUS-BERANKIS-1-728x1024.webp 728w, https:\/\/lavidenta.lt\/wp-content\/uploads\/2025\/09\/PAULIUS-BERANKIS-1-9x12.webp 9w\" sizes=\"(max-width: 756px) 100vw, 756px\" \/><\/figure><div class=\"elementor-image-box-content\"><h3 class=\"elementor-image-box-title\">Paulius Berankis<\/h3><p class=\"elementor-image-box-description\">Dentist<\/p><\/div><\/div>\t\t\t\t<\/div>\n\t\t\t\t<\/div>\n\t\t\t\t\t<\/div>\n\t\t\t\t<\/div>\n\t\t\t\t\t<\/div>\n\t\t\t\t<\/div>\n\t\t\t\t<\/div>","protected":false},"excerpt":{"rendered":"<p>U\u017ekirskite keli\u0105 dant\u0173 ir burnos ligoms Atsirado dant\u0173 skausmas, jautrumas, pakito dant\u0173 spalva arba atsirado tarpai tarp dant\u0173? Nelaukite, kol dant\u0173 skausmas taps j\u016bs\u0173 gyvenimo palydovu. Klinikoje Lavidenta skiriame ypating\u0105 d\u0117mes\u012f terapiniam dant\u0173 gydymui, u\u017ekertan\u010diam keli\u0105 dant\u0173 ir burnos ligoms. Gydytoj\u0173 rekomendacijos Terapinis dant\u0173 gydymas &#8211; tai dant\u0173 bei burnos ertm\u0117s lig\u0173 diagnostika ir gydymas [&hellip;]<\/p>\n","protected":false},"author":1,"featured_media":0,"parent":0,"menu_order":0,"comment_status":"closed","ping_status":"closed","template":"elementor_header_footer","meta":{"footnotes":""},"class_list":["post-375","page","type-page","status-publish","hentry"],"yoast_head":"<!-- This site is optimized with the Yoast SEO plugin v27.5 - https:\/\/yoast.com\/product\/yoast-seo-wordpress\/ -->\n<title>Terapinis gydymas - lavidenta.lt<\/title>\n<meta name=\"robots\" content=\"index, follow, max-snippet:-1, max-image-preview:large, max-video-preview:-1\" \/>\n<link rel=\"canonical\" href=\"https:\/\/lavidenta.lt\/en\/terapinis-gydymas\/\" \/>\n<meta property=\"og:locale\" content=\"en_GB\" \/>\n<meta property=\"og:type\" content=\"article\" \/>\n<meta property=\"og:title\" content=\"Terapinis gydymas - lavidenta.lt\" \/>\n<meta property=\"og:description\" content=\"U\u017ekirskite keli\u0105 dant\u0173 ir burnos ligoms Atsirado dant\u0173 skausmas, jautrumas, pakito dant\u0173 spalva arba atsirado tarpai tarp dant\u0173? Nelaukite, kol dant\u0173 skausmas taps j\u016bs\u0173 gyvenimo palydovu. Klinikoje Lavidenta skiriame ypating\u0105 d\u0117mes\u012f terapiniam dant\u0173 gydymui, u\u017ekertan\u010diam keli\u0105 dant\u0173 ir burnos ligoms. Gydytoj\u0173 rekomendacijos Terapinis dant\u0173 gydymas &#8211; tai dant\u0173 bei burnos ertm\u0117s lig\u0173 diagnostika ir gydymas [&hellip;]\" \/>\n<meta property=\"og:url\" content=\"https:\/\/lavidenta.lt\/en\/terapinis-gydymas\/\" \/>\n<meta property=\"og:site_name\" content=\"lavidenta.lt\" \/>\n<meta property=\"article:modified_time\" content=\"2026-05-06T08:47:59+00:00\" \/>\n<meta property=\"og:image\" content=\"https:\/\/lavidenta.lt\/wp-content\/uploads\/2025\/06\/DSC06525.webp\" \/>\n\t<meta property=\"og:image:width\" content=\"1800\" \/>\n\t<meta property=\"og:image:height\" content=\"1200\" \/>\n\t<meta property=\"og:image:type\" content=\"image\/webp\" \/>\n<meta name=\"twitter:card\" content=\"summary_large_image\" \/>\n<meta name=\"twitter:label1\" content=\"Estimated reading time\" \/>\n\t<meta name=\"twitter:data1\" content=\"2 minutes\" \/>\n<script type=\"application\/ld+json\" class=\"yoast-schema-graph\">{\"@context\":\"https:\\\/\\\/schema.org\",\"@graph\":[{\"@type\":\"WebPage\",\"@id\":\"https:\\\/\\\/lavidenta.lt\\\/terapinis-gydymas\\\/\",\"url\":\"https:\\\/\\\/lavidenta.lt\\\/terapinis-gydymas\\\/\",\"name\":\"Terapinis gydymas - lavidenta.lt\",\"isPartOf\":{\"@id\":\"https:\\\/\\\/lavidenta.lt\\\/#website\"},\"primaryImageOfPage\":{\"@id\":\"https:\\\/\\\/lavidenta.lt\\\/terapinis-gydymas\\\/#primaryimage\"},\"image\":{\"@id\":\"https:\\\/\\\/lavidenta.lt\\\/terapinis-gydymas\\\/#primaryimage\"},\"thumbnailUrl\":\"https:\\\/\\\/lavidenta.lt\\\/wp-content\\\/uploads\\\/2025\\\/06\\\/DSC06525.webp\",\"datePublished\":\"2024-04-04T06:38:24+00:00\",\"dateModified\":\"2026-05-06T08:47:59+00:00\",\"breadcrumb\":{\"@id\":\"https:\\\/\\\/lavidenta.lt\\\/terapinis-gydymas\\\/#breadcrumb\"},\"inLanguage\":\"en-GB\",\"potentialAction\":[{\"@type\":\"ReadAction\",\"target\":[\"https:\\\/\\\/lavidenta.lt\\\/terapinis-gydymas\\\/\"]}]},{\"@type\":\"ImageObject\",\"inLanguage\":\"en-GB\",\"@id\":\"https:\\\/\\\/lavidenta.lt\\\/terapinis-gydymas\\\/#primaryimage\",\"url\":\"https:\\\/\\\/lavidenta.lt\\\/wp-content\\\/uploads\\\/2025\\\/06\\\/DSC06525.webp\",\"contentUrl\":\"https:\\\/\\\/lavidenta.lt\\\/wp-content\\\/uploads\\\/2025\\\/06\\\/DSC06525.webp\"},{\"@type\":\"BreadcrumbList\",\"@id\":\"https:\\\/\\\/lavidenta.lt\\\/terapinis-gydymas\\\/#breadcrumb\",\"itemListElement\":[{\"@type\":\"ListItem\",\"position\":1,\"name\":\"Home\",\"item\":\"https:\\\/\\\/lavidenta.lt\\\/\"},{\"@type\":\"ListItem\",\"position\":2,\"name\":\"Terapinis gydymas\"}]},{\"@type\":\"WebSite\",\"@id\":\"https:\\\/\\\/lavidenta.lt\\\/#website\",\"url\":\"https:\\\/\\\/lavidenta.lt\\\/\",\"name\":\"lavidenta.lt\",\"description\":\"\",\"publisher\":{\"@id\":\"https:\\\/\\\/lavidenta.lt\\\/#organization\"},\"potentialAction\":[{\"@type\":\"SearchAction\",\"target\":{\"@type\":\"EntryPoint\",\"urlTemplate\":\"https:\\\/\\\/lavidenta.lt\\\/?s={search_term_string}\"},\"query-input\":{\"@type\":\"PropertyValueSpecification\",\"valueRequired\":true,\"valueName\":\"search_term_string\"}}],\"inLanguage\":\"en-GB\"},{\"@type\":\"Organization\",\"@id\":\"https:\\\/\\\/lavidenta.lt\\\/#organization\",\"name\":\"lavidenta.lt\",\"url\":\"https:\\\/\\\/lavidenta.lt\\\/\",\"logo\":{\"@type\":\"ImageObject\",\"inLanguage\":\"en-GB\",\"@id\":\"https:\\\/\\\/lavidenta.lt\\\/#\\\/schema\\\/logo\\\/image\\\/\",\"url\":\"https:\\\/\\\/lavidenta.lt\\\/wp-content\\\/uploads\\\/2024\\\/03\\\/lavidenta-logo-n.svg\",\"contentUrl\":\"https:\\\/\\\/lavidenta.lt\\\/wp-content\\\/uploads\\\/2024\\\/03\\\/lavidenta-logo-n.svg\",\"width\":666,\"height\":145,\"caption\":\"lavidenta.lt\"},\"image\":{\"@id\":\"https:\\\/\\\/lavidenta.lt\\\/#\\\/schema\\\/logo\\\/image\\\/\"}}]}<\/script>\n<!-- \/ Yoast SEO plugin. -->","yoast_head_json":{"title":"Terapinis gydymas - lavidenta.lt","robots":{"index":"index","follow":"follow","max-snippet":"max-snippet:-1","max-image-preview":"max-image-preview:large","max-video-preview":"max-video-preview:-1"},"canonical":"https:\/\/lavidenta.lt\/en\/terapinis-gydymas\/","og_locale":"en_GB","og_type":"article","og_title":"Terapinis gydymas - lavidenta.lt","og_description":"U\u017ekirskite keli\u0105 dant\u0173 ir burnos ligoms Atsirado dant\u0173 skausmas, jautrumas, pakito dant\u0173 spalva arba atsirado tarpai tarp dant\u0173? Nelaukite, kol dant\u0173 skausmas taps j\u016bs\u0173 gyvenimo palydovu. Klinikoje Lavidenta skiriame ypating\u0105 d\u0117mes\u012f terapiniam dant\u0173 gydymui, u\u017ekertan\u010diam keli\u0105 dant\u0173 ir burnos ligoms. Gydytoj\u0173 rekomendacijos Terapinis dant\u0173 gydymas &#8211; tai dant\u0173 bei burnos ertm\u0117s lig\u0173 diagnostika ir gydymas [&hellip;]","og_url":"https:\/\/lavidenta.lt\/en\/terapinis-gydymas\/","og_site_name":"lavidenta.lt","article_modified_time":"2026-05-06T08:47:59+00:00","og_image":[{"width":1800,"height":1200,"url":"https:\/\/lavidenta.lt\/wp-content\/uploads\/2025\/06\/DSC06525.webp","type":"image\/webp"}],"twitter_card":"summary_large_image","twitter_misc":{"Estimated reading time":"2 minutes"},"schema":{"@context":"https:\/\/schema.org","@graph":[{"@type":"WebPage","@id":"https:\/\/lavidenta.lt\/terapinis-gydymas\/","url":"https:\/\/lavidenta.lt\/terapinis-gydymas\/","name":"Terapinis gydymas - lavidenta.lt","isPartOf":{"@id":"https:\/\/lavidenta.lt\/#website"},"primaryImageOfPage":{"@id":"https:\/\/lavidenta.lt\/terapinis-gydymas\/#primaryimage"},"image":{"@id":"https:\/\/lavidenta.lt\/terapinis-gydymas\/#primaryimage"},"thumbnailUrl":"https:\/\/lavidenta.lt\/wp-content\/uploads\/2025\/06\/DSC06525.webp","datePublished":"2024-04-04T06:38:24+00:00","dateModified":"2026-05-06T08:47:59+00:00","breadcrumb":{"@id":"https:\/\/lavidenta.lt\/terapinis-gydymas\/#breadcrumb"},"inLanguage":"en-GB","potentialAction":[{"@type":"ReadAction","target":["https:\/\/lavidenta.lt\/terapinis-gydymas\/"]}]},{"@type":"ImageObject","inLanguage":"en-GB","@id":"https:\/\/lavidenta.lt\/terapinis-gydymas\/#primaryimage","url":"https:\/\/lavidenta.lt\/wp-content\/uploads\/2025\/06\/DSC06525.webp","contentUrl":"https:\/\/lavidenta.lt\/wp-content\/uploads\/2025\/06\/DSC06525.webp"},{"@type":"BreadcrumbList","@id":"https:\/\/lavidenta.lt\/terapinis-gydymas\/#breadcrumb","itemListElement":[{"@type":"ListItem","position":1,"name":"Home","item":"https:\/\/lavidenta.lt\/"},{"@type":"ListItem","position":2,"name":"Terapinis gydymas"}]},{"@type":"WebSite","@id":"https:\/\/lavidenta.lt\/#website","url":"https:\/\/lavidenta.lt\/","name":"lavidenta.lt","description":"","publisher":{"@id":"https:\/\/lavidenta.lt\/#organization"},"potentialAction":[{"@type":"SearchAction","target":{"@type":"EntryPoint","urlTemplate":"https:\/\/lavidenta.lt\/?s={search_term_string}"},"query-input":{"@type":"PropertyValueSpecification","valueRequired":true,"valueName":"search_term_string"}}],"inLanguage":"en-GB"},{"@type":"Organization","@id":"https:\/\/lavidenta.lt\/#organization","name":"lavidenta.lt","url":"https:\/\/lavidenta.lt\/","logo":{"@type":"ImageObject","inLanguage":"en-GB","@id":"https:\/\/lavidenta.lt\/#\/schema\/logo\/image\/","url":"https:\/\/lavidenta.lt\/wp-content\/uploads\/2024\/03\/lavidenta-logo-n.svg","contentUrl":"https:\/\/lavidenta.lt\/wp-content\/uploads\/2024\/03\/lavidenta-logo-n.svg","width":666,"height":145,"caption":"lavidenta.lt"},"image":{"@id":"https:\/\/lavidenta.lt\/#\/schema\/logo\/image\/"}}]}},"_links":{"self":[{"href":"https:\/\/lavidenta.lt\/en\/wp-json\/wp\/v2\/pages\/375","targetHints":{"allow":["GET"]}}],"collection":[{"href":"https:\/\/lavidenta.lt\/en\/wp-json\/wp\/v2\/pages"}],"about":[{"href":"https:\/\/lavidenta.lt\/en\/wp-json\/wp\/v2\/types\/page"}],"author":[{"embeddable":true,"href":"https:\/\/lavidenta.lt\/en\/wp-json\/wp\/v2\/users\/1"}],"replies":[{"embeddable":true,"href":"https:\/\/lavidenta.lt\/en\/wp-json\/wp\/v2\/comments?post=375"}],"version-history":[{"count":3,"href":"https:\/\/lavidenta.lt\/en\/wp-json\/wp\/v2\/pages\/375\/revisions"}],"predecessor-version":[{"id":840,"href":"https:\/\/lavidenta.lt\/en\/wp-json\/wp\/v2\/pages\/375\/revisions\/840"}],"wp:attachment":[{"href":"https:\/\/lavidenta.lt\/en\/wp-json\/wp\/v2\/media?parent=375"}],"curies":[{"name":"wp","href":"https:\/\/api.w.org\/{rel}","templated":true}]}}