{"id":388,"date":"2024-04-04T09:47:37","date_gmt":"2024-04-04T06:47:37","guid":{"rendered":"https:\/\/lavidenta.lt\/?page_id=388"},"modified":"2025-06-10T13:45:11","modified_gmt":"2025-06-10T10:45:11","slug":"chirurgine-odontologija","status":"publish","type":"page","link":"https:\/\/lavidenta.lt\/en\/chirurgine-odontologija\/","title":{"rendered":"Surgical Dentistry"},"content":{"rendered":"<div data-elementor-type=\"wp-page\" data-elementor-id=\"388\" class=\"elementor elementor-388\" data-elementor-post-type=\"page\">\n\t\t\t\t<div class=\"elementor-element elementor-element-cd8176c e-con-full e-flex e-con e-parent\" data-id=\"cd8176c\" data-element_type=\"container\" data-e-type=\"container\" data-settings=\"{&quot;background_background&quot;:&quot;classic&quot;}\">\n\t\t<div class=\"elementor-element elementor-element-cdc3747 e-con-full e-flex e-con e-child\" data-id=\"cdc3747\" data-element_type=\"container\" data-e-type=\"container\">\n\t\t\t\t<div class=\"elementor-element elementor-element-b8745f7 elementor-widget elementor-widget-heading\" data-id=\"b8745f7\" data-element_type=\"widget\" data-e-type=\"widget\" data-widget_type=\"heading.default\">\n\t\t\t\t<div class=\"elementor-widget-container\">\n\t\t\t\t\t<h1 class=\"elementor-heading-title elementor-size-default\">Surgical Dentistry<\/h1>\t\t\t\t<\/div>\n\t\t\t\t<\/div>\n\t\t\t\t<div class=\"elementor-element elementor-element-02129e9 elementor-widget elementor-widget-text-editor\" data-id=\"02129e9\" data-element_type=\"widget\" data-e-type=\"widget\" data-widget_type=\"text-editor.default\">\n\t\t\t\t<div class=\"elementor-widget-container\">\n\t\t\t\t\t\t\t\t\t<p><strong>Treatment of dental injuries and growth pathologies<br \/><\/strong><\/p><p>In case of trauma, irregular tooth eruption, or irreversible damage, various surgical oral procedures may be necessary, including tooth extraction. Our clinic uses the latest devices and advanced technologies to perform surgical procedures quickly, effectively, and painlessly.<\/p>\t\t\t\t\t\t\t\t<\/div>\n\t\t\t\t<\/div>\n\t\t\t\t<\/div>\n\t\t<div class=\"elementor-element elementor-element-5d7063b e-con-full e-flex e-con e-child\" data-id=\"5d7063b\" data-element_type=\"container\" data-e-type=\"container\" data-settings=\"{&quot;background_background&quot;:&quot;classic&quot;}\">\n\t\t\t\t<\/div>\n\t\t\t\t<\/div>\n\t\t<div class=\"elementor-element elementor-element-5ed0a9b e-flex e-con-boxed e-con e-parent\" data-id=\"5ed0a9b\" data-element_type=\"container\" data-e-type=\"container\" data-settings=\"{&quot;background_background&quot;:&quot;classic&quot;}\">\n\t\t\t\t\t<div class=\"e-con-inner\">\n\t\t<div class=\"elementor-element elementor-element-f26a374 e-con-full e-flex e-con e-child\" data-id=\"f26a374\" data-element_type=\"container\" data-e-type=\"container\">\n\t\t\t\t<div class=\"elementor-element elementor-element-e8adff8 elementor-widget elementor-widget-image\" data-id=\"e8adff8\" data-element_type=\"widget\" data-e-type=\"widget\" data-widget_type=\"image.default\">\n\t\t\t\t<div class=\"elementor-widget-container\">\n\t\t\t\t\t\t\t\t\t\t\t\t\t\t\t<img fetchpriority=\"high\" decoding=\"async\" width=\"1800\" height=\"1200\" src=\"https:\/\/lavidenta.lt\/wp-content\/uploads\/2025\/06\/DSC06242.webp\" class=\"attachment-full size-full wp-image-731\" alt=\"\" srcset=\"https:\/\/lavidenta.lt\/wp-content\/uploads\/2025\/06\/DSC06242.webp 1800w, https:\/\/lavidenta.lt\/wp-content\/uploads\/2025\/06\/DSC06242-300x200.webp 300w, https:\/\/lavidenta.lt\/wp-content\/uploads\/2025\/06\/DSC06242-1024x683.webp 1024w, https:\/\/lavidenta.lt\/wp-content\/uploads\/2025\/06\/DSC06242-768x512.webp 768w, https:\/\/lavidenta.lt\/wp-content\/uploads\/2025\/06\/DSC06242-1536x1024.webp 1536w\" sizes=\"(max-width: 1800px) 100vw, 1800px\" \/>\t\t\t\t\t\t\t\t\t\t\t\t\t\t\t<\/div>\n\t\t\t\t<\/div>\n\t\t\t\t<\/div>\n\t\t<div class=\"elementor-element elementor-element-48e51ba e-con-full e-flex e-con e-child\" data-id=\"48e51ba\" data-element_type=\"container\" data-e-type=\"container\">\n\t\t\t\t<div class=\"elementor-element elementor-element-04a9b0c elementor-widget elementor-widget-heading\" data-id=\"04a9b0c\" data-element_type=\"widget\" data-e-type=\"widget\" data-widget_type=\"heading.default\">\n\t\t\t\t<div class=\"elementor-widget-container\">\n\t\t\t\t\t<h2 class=\"elementor-heading-title elementor-size-default\">Dentists' Recommendations<\/h2>\t\t\t\t<\/div>\n\t\t\t\t<\/div>\n\t\t\t\t<div class=\"elementor-element elementor-element-e6d5e25 elementor-widget elementor-widget-text-editor\" data-id=\"e6d5e25\" data-element_type=\"widget\" data-e-type=\"widget\" data-widget_type=\"text-editor.default\">\n\t\t\t\t<div class=\"elementor-widget-container\">\n\t\t\t\t\t\t\t\t\t<p>Oral surgery is a fairly invasive branch of dentistry used in complex cases. It includes tooth extraction, bone and soft tissue augmentation, removal of other lesions, and implantation.\u00a0<\/p><p>The most commonly performed surgical procedure in dentistry is tooth extraction. This is usually necessary when a tooth is too severely damaged and cannot be restored with a filling. Also frequently removed are unerupted teeth (most often wisdom teeth) and teeth that obstruct orthodontic treatment.\u00a0<\/p>\t\t\t\t\t\t\t\t<\/div>\n\t\t\t\t<\/div>\n\t\t\t\t<div class=\"elementor-element elementor-element-de85b03 elementor-mobile-align-center elementor-widget elementor-widget-button\" data-id=\"de85b03\" data-element_type=\"widget\" data-e-type=\"widget\" data-widget_type=\"button.default\">\n\t\t\t\t<div class=\"elementor-widget-container\">\n\t\t\t\t\t\t\t\t\t<div class=\"elementor-button-wrapper\">\n\t\t\t\t\t<a class=\"elementor-button elementor-button-link elementor-size-sm\" href=\"\/en\/kontaktai\/#registracija\">\n\t\t\t\t\t\t<span class=\"elementor-button-content-wrapper\">\n\t\t\t\t\t\t\t\t\t<span class=\"elementor-button-text\">Register for an appointment<\/span>\n\t\t\t\t\t<\/span>\n\t\t\t\t\t<\/a>\n\t\t\t\t<\/div>\n\t\t\t\t\t\t\t\t<\/div>\n\t\t\t\t<\/div>\n\t\t\t\t<\/div>\n\t\t\t\t\t<\/div>\n\t\t\t\t<\/div>\n\t\t<div class=\"elementor-element elementor-element-d0f0c45 e-flex e-con-boxed e-con e-parent\" data-id=\"d0f0c45\" data-element_type=\"container\" data-e-type=\"container\">\n\t\t\t\t\t<div class=\"e-con-inner\">\n\t\t\t\t<div class=\"elementor-element elementor-element-0b33242 elementor-widget elementor-widget-heading\" data-id=\"0b33242\" data-element_type=\"widget\" data-e-type=\"widget\" data-widget_type=\"heading.default\">\n\t\t\t\t<div class=\"elementor-widget-container\">\n\t\t\t\t\t<h2 class=\"elementor-heading-title elementor-size-default\">Specialists<\/h2>\t\t\t\t<\/div>\n\t\t\t\t<\/div>\n\t\t<div class=\"elementor-element elementor-element-9d49f08 e-flex e-con-boxed e-con e-child\" data-id=\"9d49f08\" data-element_type=\"container\" data-e-type=\"container\">\n\t\t\t\t\t<div class=\"e-con-inner\">\n\t\t\t\t<div class=\"elementor-element elementor-element-afe6024 elementor-widget__width-initial elementor-position-top elementor-widget elementor-widget-image-box\" data-id=\"afe6024\" data-element_type=\"widget\" data-e-type=\"widget\" data-widget_type=\"image-box.default\">\n\t\t\t\t<div class=\"elementor-widget-container\">\n\t\t\t\t\t<div class=\"elementor-image-box-wrapper\"><figure class=\"elementor-image-box-img\"><img decoding=\"async\" width=\"1080\" height=\"1520\" src=\"https:\/\/lavidenta.lt\/wp-content\/uploads\/2025\/06\/9.webp\" class=\"attachment-full size-full wp-image-685\" alt=\"\" srcset=\"https:\/\/lavidenta.lt\/wp-content\/uploads\/2025\/06\/9.webp 1080w, https:\/\/lavidenta.lt\/wp-content\/uploads\/2025\/06\/9-213x300.webp 213w, https:\/\/lavidenta.lt\/wp-content\/uploads\/2025\/06\/9-728x1024.webp 728w, https:\/\/lavidenta.lt\/wp-content\/uploads\/2025\/06\/9-768x1081.webp 768w\" sizes=\"(max-width: 1080px) 100vw, 1080px\" \/><\/figure><div class=\"elementor-image-box-content\"><h3 class=\"elementor-image-box-title\">Tautvydas Andriulionis<\/h3><p class=\"elementor-image-box-description\">Dentist, Implantologist\n<\/p><\/div><\/div>\t\t\t\t<\/div>\n\t\t\t\t<\/div>\n\t\t\t\t<div class=\"elementor-element elementor-element-98f069e elementor-widget__width-initial elementor-position-top elementor-widget elementor-widget-image-box\" data-id=\"98f069e\" data-element_type=\"widget\" data-e-type=\"widget\" data-widget_type=\"image-box.default\">\n\t\t\t\t<div class=\"elementor-widget-container\">\n\t\t\t\t\t<div class=\"elementor-image-box-wrapper\"><figure class=\"elementor-image-box-img\"><img decoding=\"async\" width=\"1080\" height=\"1520\" src=\"https:\/\/lavidenta.lt\/wp-content\/uploads\/2025\/06\/3.webp\" class=\"attachment-full size-full wp-image-679\" alt=\"\" srcset=\"https:\/\/lavidenta.lt\/wp-content\/uploads\/2025\/06\/3.webp 1080w, https:\/\/lavidenta.lt\/wp-content\/uploads\/2025\/06\/3-213x300.webp 213w, https:\/\/lavidenta.lt\/wp-content\/uploads\/2025\/06\/3-728x1024.webp 728w, https:\/\/lavidenta.lt\/wp-content\/uploads\/2025\/06\/3-768x1081.webp 768w\" sizes=\"(max-width: 1080px) 100vw, 1080px\" \/><\/figure><div class=\"elementor-image-box-content\"><h3 class=\"elementor-image-box-title\">Jolita Stund\u017eyt\u0117<\/h3><p class=\"elementor-image-box-description\">Dentist\n<\/p><\/div><\/div>\t\t\t\t<\/div>\n\t\t\t\t<\/div>\n\t\t\t\t\t<\/div>\n\t\t\t\t<\/div>\n\t\t\t\t\t<\/div>\n\t\t\t\t<\/div>\n\t\t\t\t<\/div>","protected":false},"excerpt":{"rendered":"<p>Dant\u0173 traum\u0173, ar augimo patalogij\u0173 gydymas Patyrus traum\u0105, netaisyklingai dygstant dantims ar negr\u012f\u017etamai juos pa\u017eeidus, laukia \u012fvairios chirurgin\u0117s burnos proced\u016bros, tarp j\u0173 ir danties \u0161alinimas. M\u016bs\u0173 klinikoje naudojami moderniausi prietaisai ir auk\u0161\u010diausios technologijos leid\u017eia chirurgines manipuliacijas atlikti greitai, efektyviai ir be skausmo. Gydytoj\u0173 rekomendacijos Burnos chirurgija yra gana invazyvi odontologijos sritis, pasitelkiama esant sud\u0117tingiems atvejams. [&hellip;]<\/p>\n","protected":false},"author":1,"featured_media":0,"parent":0,"menu_order":0,"comment_status":"closed","ping_status":"closed","template":"elementor_header_footer","meta":{"footnotes":""},"class_list":["post-388","page","type-page","status-publish","hentry"],"yoast_head":"<!-- This site is optimized with the Yoast SEO plugin v27.5 - https:\/\/yoast.com\/product\/yoast-seo-wordpress\/ -->\n<title>Chirurgin\u0117 odontologija - lavidenta.lt<\/title>\n<meta name=\"robots\" content=\"index, follow, max-snippet:-1, max-image-preview:large, max-video-preview:-1\" \/>\n<link rel=\"canonical\" href=\"https:\/\/lavidenta.lt\/en\/chirurgine-odontologija\/\" \/>\n<meta property=\"og:locale\" content=\"en_GB\" \/>\n<meta property=\"og:type\" content=\"article\" \/>\n<meta property=\"og:title\" content=\"Chirurgin\u0117 odontologija - lavidenta.lt\" \/>\n<meta property=\"og:description\" content=\"Dant\u0173 traum\u0173, ar augimo patalogij\u0173 gydymas Patyrus traum\u0105, netaisyklingai dygstant dantims ar negr\u012f\u017etamai juos pa\u017eeidus, laukia \u012fvairios chirurgin\u0117s burnos proced\u016bros, tarp j\u0173 ir danties \u0161alinimas. M\u016bs\u0173 klinikoje naudojami moderniausi prietaisai ir auk\u0161\u010diausios technologijos leid\u017eia chirurgines manipuliacijas atlikti greitai, efektyviai ir be skausmo. Gydytoj\u0173 rekomendacijos Burnos chirurgija yra gana invazyvi odontologijos sritis, pasitelkiama esant sud\u0117tingiems atvejams. [&hellip;]\" \/>\n<meta property=\"og:url\" content=\"https:\/\/lavidenta.lt\/en\/chirurgine-odontologija\/\" \/>\n<meta property=\"og:site_name\" content=\"lavidenta.lt\" \/>\n<meta property=\"article:modified_time\" content=\"2025-06-10T10:45:11+00:00\" \/>\n<meta property=\"og:image\" content=\"https:\/\/lavidenta.lt\/wp-content\/uploads\/2025\/06\/DSC06242.webp\" \/>\n<meta name=\"twitter:card\" content=\"summary_large_image\" \/>\n<meta name=\"twitter:label1\" content=\"Estimated reading time\" \/>\n\t<meta name=\"twitter:data1\" content=\"2 minutes\" \/>\n<script type=\"application\/ld+json\" class=\"yoast-schema-graph\">{\"@context\":\"https:\\\/\\\/schema.org\",\"@graph\":[{\"@type\":\"WebPage\",\"@id\":\"https:\\\/\\\/lavidenta.lt\\\/chirurgine-odontologija\\\/\",\"url\":\"https:\\\/\\\/lavidenta.lt\\\/chirurgine-odontologija\\\/\",\"name\":\"Chirurgin\u0117 odontologija - lavidenta.lt\",\"isPartOf\":{\"@id\":\"https:\\\/\\\/lavidenta.lt\\\/#website\"},\"primaryImageOfPage\":{\"@id\":\"https:\\\/\\\/lavidenta.lt\\\/chirurgine-odontologija\\\/#primaryimage\"},\"image\":{\"@id\":\"https:\\\/\\\/lavidenta.lt\\\/chirurgine-odontologija\\\/#primaryimage\"},\"thumbnailUrl\":\"https:\\\/\\\/lavidenta.lt\\\/wp-content\\\/uploads\\\/2025\\\/06\\\/DSC06242.webp\",\"datePublished\":\"2024-04-04T06:47:37+00:00\",\"dateModified\":\"2025-06-10T10:45:11+00:00\",\"breadcrumb\":{\"@id\":\"https:\\\/\\\/lavidenta.lt\\\/chirurgine-odontologija\\\/#breadcrumb\"},\"inLanguage\":\"en-GB\",\"potentialAction\":[{\"@type\":\"ReadAction\",\"target\":[\"https:\\\/\\\/lavidenta.lt\\\/chirurgine-odontologija\\\/\"]}]},{\"@type\":\"ImageObject\",\"inLanguage\":\"en-GB\",\"@id\":\"https:\\\/\\\/lavidenta.lt\\\/chirurgine-odontologija\\\/#primaryimage\",\"url\":\"https:\\\/\\\/lavidenta.lt\\\/wp-content\\\/uploads\\\/2025\\\/06\\\/DSC06242.webp\",\"contentUrl\":\"https:\\\/\\\/lavidenta.lt\\\/wp-content\\\/uploads\\\/2025\\\/06\\\/DSC06242.webp\"},{\"@type\":\"BreadcrumbList\",\"@id\":\"https:\\\/\\\/lavidenta.lt\\\/chirurgine-odontologija\\\/#breadcrumb\",\"itemListElement\":[{\"@type\":\"ListItem\",\"position\":1,\"name\":\"Home\",\"item\":\"https:\\\/\\\/lavidenta.lt\\\/\"},{\"@type\":\"ListItem\",\"position\":2,\"name\":\"Chirurgin\u0117 odontologija\"}]},{\"@type\":\"WebSite\",\"@id\":\"https:\\\/\\\/lavidenta.lt\\\/#website\",\"url\":\"https:\\\/\\\/lavidenta.lt\\\/\",\"name\":\"lavidenta.lt\",\"description\":\"\",\"publisher\":{\"@id\":\"https:\\\/\\\/lavidenta.lt\\\/#organization\"},\"potentialAction\":[{\"@type\":\"SearchAction\",\"target\":{\"@type\":\"EntryPoint\",\"urlTemplate\":\"https:\\\/\\\/lavidenta.lt\\\/?s={search_term_string}\"},\"query-input\":{\"@type\":\"PropertyValueSpecification\",\"valueRequired\":true,\"valueName\":\"search_term_string\"}}],\"inLanguage\":\"en-GB\"},{\"@type\":\"Organization\",\"@id\":\"https:\\\/\\\/lavidenta.lt\\\/#organization\",\"name\":\"lavidenta.lt\",\"url\":\"https:\\\/\\\/lavidenta.lt\\\/\",\"logo\":{\"@type\":\"ImageObject\",\"inLanguage\":\"en-GB\",\"@id\":\"https:\\\/\\\/lavidenta.lt\\\/#\\\/schema\\\/logo\\\/image\\\/\",\"url\":\"https:\\\/\\\/lavidenta.lt\\\/wp-content\\\/uploads\\\/2024\\\/03\\\/lavidenta-logo-n.svg\",\"contentUrl\":\"https:\\\/\\\/lavidenta.lt\\\/wp-content\\\/uploads\\\/2024\\\/03\\\/lavidenta-logo-n.svg\",\"width\":666,\"height\":145,\"caption\":\"lavidenta.lt\"},\"image\":{\"@id\":\"https:\\\/\\\/lavidenta.lt\\\/#\\\/schema\\\/logo\\\/image\\\/\"}}]}<\/script>\n<!-- \/ Yoast SEO plugin. -->","yoast_head_json":{"title":"Chirurgin\u0117 odontologija - lavidenta.lt","robots":{"index":"index","follow":"follow","max-snippet":"max-snippet:-1","max-image-preview":"max-image-preview:large","max-video-preview":"max-video-preview:-1"},"canonical":"https:\/\/lavidenta.lt\/en\/chirurgine-odontologija\/","og_locale":"en_GB","og_type":"article","og_title":"Chirurgin\u0117 odontologija - lavidenta.lt","og_description":"Dant\u0173 traum\u0173, ar augimo patalogij\u0173 gydymas Patyrus traum\u0105, netaisyklingai dygstant dantims ar negr\u012f\u017etamai juos pa\u017eeidus, laukia \u012fvairios chirurgin\u0117s burnos proced\u016bros, tarp j\u0173 ir danties \u0161alinimas. M\u016bs\u0173 klinikoje naudojami moderniausi prietaisai ir auk\u0161\u010diausios technologijos leid\u017eia chirurgines manipuliacijas atlikti greitai, efektyviai ir be skausmo. Gydytoj\u0173 rekomendacijos Burnos chirurgija yra gana invazyvi odontologijos sritis, pasitelkiama esant sud\u0117tingiems atvejams. [&hellip;]","og_url":"https:\/\/lavidenta.lt\/en\/chirurgine-odontologija\/","og_site_name":"lavidenta.lt","article_modified_time":"2025-06-10T10:45:11+00:00","og_image":[{"url":"https:\/\/lavidenta.lt\/wp-content\/uploads\/2025\/06\/DSC06242.webp","type":"","width":"","height":""}],"twitter_card":"summary_large_image","twitter_misc":{"Estimated reading time":"2 minutes"},"schema":{"@context":"https:\/\/schema.org","@graph":[{"@type":"WebPage","@id":"https:\/\/lavidenta.lt\/chirurgine-odontologija\/","url":"https:\/\/lavidenta.lt\/chirurgine-odontologija\/","name":"Chirurgin\u0117 odontologija - lavidenta.lt","isPartOf":{"@id":"https:\/\/lavidenta.lt\/#website"},"primaryImageOfPage":{"@id":"https:\/\/lavidenta.lt\/chirurgine-odontologija\/#primaryimage"},"image":{"@id":"https:\/\/lavidenta.lt\/chirurgine-odontologija\/#primaryimage"},"thumbnailUrl":"https:\/\/lavidenta.lt\/wp-content\/uploads\/2025\/06\/DSC06242.webp","datePublished":"2024-04-04T06:47:37+00:00","dateModified":"2025-06-10T10:45:11+00:00","breadcrumb":{"@id":"https:\/\/lavidenta.lt\/chirurgine-odontologija\/#breadcrumb"},"inLanguage":"en-GB","potentialAction":[{"@type":"ReadAction","target":["https:\/\/lavidenta.lt\/chirurgine-odontologija\/"]}]},{"@type":"ImageObject","inLanguage":"en-GB","@id":"https:\/\/lavidenta.lt\/chirurgine-odontologija\/#primaryimage","url":"https:\/\/lavidenta.lt\/wp-content\/uploads\/2025\/06\/DSC06242.webp","contentUrl":"https:\/\/lavidenta.lt\/wp-content\/uploads\/2025\/06\/DSC06242.webp"},{"@type":"BreadcrumbList","@id":"https:\/\/lavidenta.lt\/chirurgine-odontologija\/#breadcrumb","itemListElement":[{"@type":"ListItem","position":1,"name":"Home","item":"https:\/\/lavidenta.lt\/"},{"@type":"ListItem","position":2,"name":"Chirurgin\u0117 odontologija"}]},{"@type":"WebSite","@id":"https:\/\/lavidenta.lt\/#website","url":"https:\/\/lavidenta.lt\/","name":"lavidenta.lt","description":"","publisher":{"@id":"https:\/\/lavidenta.lt\/#organization"},"potentialAction":[{"@type":"SearchAction","target":{"@type":"EntryPoint","urlTemplate":"https:\/\/lavidenta.lt\/?s={search_term_string}"},"query-input":{"@type":"PropertyValueSpecification","valueRequired":true,"valueName":"search_term_string"}}],"inLanguage":"en-GB"},{"@type":"Organization","@id":"https:\/\/lavidenta.lt\/#organization","name":"lavidenta.lt","url":"https:\/\/lavidenta.lt\/","logo":{"@type":"ImageObject","inLanguage":"en-GB","@id":"https:\/\/lavidenta.lt\/#\/schema\/logo\/image\/","url":"https:\/\/lavidenta.lt\/wp-content\/uploads\/2024\/03\/lavidenta-logo-n.svg","contentUrl":"https:\/\/lavidenta.lt\/wp-content\/uploads\/2024\/03\/lavidenta-logo-n.svg","width":666,"height":145,"caption":"lavidenta.lt"},"image":{"@id":"https:\/\/lavidenta.lt\/#\/schema\/logo\/image\/"}}]}},"_links":{"self":[{"href":"https:\/\/lavidenta.lt\/en\/wp-json\/wp\/v2\/pages\/388","targetHints":{"allow":["GET"]}}],"collection":[{"href":"https:\/\/lavidenta.lt\/en\/wp-json\/wp\/v2\/pages"}],"about":[{"href":"https:\/\/lavidenta.lt\/en\/wp-json\/wp\/v2\/types\/page"}],"author":[{"embeddable":true,"href":"https:\/\/lavidenta.lt\/en\/wp-json\/wp\/v2\/users\/1"}],"replies":[{"embeddable":true,"href":"https:\/\/lavidenta.lt\/en\/wp-json\/wp\/v2\/comments?post=388"}],"version-history":[{"count":3,"href":"https:\/\/lavidenta.lt\/en\/wp-json\/wp\/v2\/pages\/388\/revisions"}],"predecessor-version":[{"id":735,"href":"https:\/\/lavidenta.lt\/en\/wp-json\/wp\/v2\/pages\/388\/revisions\/735"}],"wp:attachment":[{"href":"https:\/\/lavidenta.lt\/en\/wp-json\/wp\/v2\/media?parent=388"}],"curies":[{"name":"wp","href":"https:\/\/api.w.org\/{rel}","templated":true}]}}