{"id":399,"date":"2024-04-04T09:53:08","date_gmt":"2024-04-04T06:53:08","guid":{"rendered":"https:\/\/lavidenta.lt\/?page_id=399"},"modified":"2025-06-10T13:45:38","modified_gmt":"2025-06-10T10:45:38","slug":"implantacija","status":"publish","type":"page","link":"https:\/\/lavidenta.lt\/en\/implantacija\/","title":{"rendered":"Implantation"},"content":{"rendered":"<div data-elementor-type=\"wp-page\" data-elementor-id=\"399\" class=\"elementor elementor-399\" data-elementor-post-type=\"page\">\n\t\t\t\t<div class=\"elementor-element elementor-element-cd8176c e-con-full e-flex e-con e-parent\" data-id=\"cd8176c\" data-element_type=\"container\" data-e-type=\"container\" data-settings=\"{&quot;background_background&quot;:&quot;classic&quot;}\">\n\t\t<div class=\"elementor-element elementor-element-cdc3747 e-con-full e-flex e-con e-child\" data-id=\"cdc3747\" data-element_type=\"container\" data-e-type=\"container\">\n\t\t\t\t<div class=\"elementor-element elementor-element-b8745f7 elementor-widget elementor-widget-heading\" data-id=\"b8745f7\" data-element_type=\"widget\" data-e-type=\"widget\" data-widget_type=\"heading.default\">\n\t\t\t\t<div class=\"elementor-widget-container\">\n\t\t\t\t\t<h1 class=\"elementor-heading-title elementor-size-default\">Implantation<\/h1>\t\t\t\t<\/div>\n\t\t\t\t<\/div>\n\t\t\t\t<div class=\"elementor-element elementor-element-02129e9 elementor-widget elementor-widget-text-editor\" data-id=\"02129e9\" data-element_type=\"widget\" data-e-type=\"widget\" data-widget_type=\"text-editor.default\">\n\t\t\t\t<div class=\"elementor-widget-container\">\n\t\t\t\t\t\t\t\t\t<p><strong>\u00a0<\/strong><\/p><p>Sometimes, even the most well-cared-for tooth cannot be saved and must be removed. In such cases, restoring your smile quickly, effectively, and for the long term is important. An implant is a replacement for the natural tooth root, resembling a tiny screw. When restoring a lost tooth, the implant is screwed into the jawbone, and a dental crown is attached to it. Book your appointment now and find out how to maintain a flawless smile.<\/p>\t\t\t\t\t\t\t\t<\/div>\n\t\t\t\t<\/div>\n\t\t\t\t<\/div>\n\t\t<div class=\"elementor-element elementor-element-5d7063b e-con-full e-flex e-con e-child\" data-id=\"5d7063b\" data-element_type=\"container\" data-e-type=\"container\" data-settings=\"{&quot;background_background&quot;:&quot;classic&quot;}\">\n\t\t\t\t<\/div>\n\t\t\t\t<\/div>\n\t\t<div class=\"elementor-element elementor-element-5ed0a9b e-flex e-con-boxed e-con e-parent\" data-id=\"5ed0a9b\" data-element_type=\"container\" data-e-type=\"container\" data-settings=\"{&quot;background_background&quot;:&quot;classic&quot;}\">\n\t\t\t\t\t<div class=\"e-con-inner\">\n\t\t<div class=\"elementor-element elementor-element-f26a374 e-con-full e-flex e-con e-child\" data-id=\"f26a374\" data-element_type=\"container\" data-e-type=\"container\">\n\t\t\t\t<div class=\"elementor-element elementor-element-e8adff8 elementor-widget elementor-widget-image\" data-id=\"e8adff8\" data-element_type=\"widget\" data-e-type=\"widget\" data-widget_type=\"image.default\">\n\t\t\t\t<div class=\"elementor-widget-container\">\n\t\t\t\t\t\t\t\t\t\t\t\t\t\t\t<img fetchpriority=\"high\" decoding=\"async\" width=\"1800\" height=\"1200\" src=\"https:\/\/lavidenta.lt\/wp-content\/uploads\/2025\/06\/DSC06676.webp\" class=\"attachment-full size-full wp-image-714\" alt=\"\" srcset=\"https:\/\/lavidenta.lt\/wp-content\/uploads\/2025\/06\/DSC06676.webp 1800w, https:\/\/lavidenta.lt\/wp-content\/uploads\/2025\/06\/DSC06676-300x200.webp 300w, https:\/\/lavidenta.lt\/wp-content\/uploads\/2025\/06\/DSC06676-1024x683.webp 1024w, https:\/\/lavidenta.lt\/wp-content\/uploads\/2025\/06\/DSC06676-768x512.webp 768w, https:\/\/lavidenta.lt\/wp-content\/uploads\/2025\/06\/DSC06676-1536x1024.webp 1536w\" sizes=\"(max-width: 1800px) 100vw, 1800px\" \/>\t\t\t\t\t\t\t\t\t\t\t\t\t\t\t<\/div>\n\t\t\t\t<\/div>\n\t\t\t\t<\/div>\n\t\t<div class=\"elementor-element elementor-element-48e51ba e-con-full e-flex e-con e-child\" data-id=\"48e51ba\" data-element_type=\"container\" data-e-type=\"container\">\n\t\t\t\t<div class=\"elementor-element elementor-element-04a9b0c elementor-widget elementor-widget-heading\" data-id=\"04a9b0c\" data-element_type=\"widget\" data-e-type=\"widget\" data-widget_type=\"heading.default\">\n\t\t\t\t<div class=\"elementor-widget-container\">\n\t\t\t\t\t<h2 class=\"elementor-heading-title elementor-size-default\">Dentists' Recommendations<\/h2>\t\t\t\t<\/div>\n\t\t\t\t<\/div>\n\t\t\t\t<div class=\"elementor-element elementor-element-e6d5e25 elementor-widget elementor-widget-text-editor\" data-id=\"e6d5e25\" data-element_type=\"widget\" data-e-type=\"widget\" data-widget_type=\"text-editor.default\">\n\t\t\t\t<div class=\"elementor-widget-container\">\n\t\t\t\t\t\t\t\t\t<p>Implantation is a more modern and convenient alternative to removable dentures. Implants can restore not only the function of a single tooth but also an entire row of teeth.\u00a0<\/p><p>Implants serve as tooth roots and are made of titanium. Due to their high compatibility with the human body, the success rate of titanium implant integration reaches 97\u201399%. The success of implantation undoubtedly also depends on the patient\u2019s personal oral hygiene and regular professional care.\u00a0<\/p><p>Well-maintained implants can last a lifetime!\u00a0<\/p>\t\t\t\t\t\t\t\t<\/div>\n\t\t\t\t<\/div>\n\t\t\t\t<div class=\"elementor-element elementor-element-de85b03 elementor-mobile-align-center elementor-widget elementor-widget-button\" data-id=\"de85b03\" data-element_type=\"widget\" data-e-type=\"widget\" data-widget_type=\"button.default\">\n\t\t\t\t<div class=\"elementor-widget-container\">\n\t\t\t\t\t\t\t\t\t<div class=\"elementor-button-wrapper\">\n\t\t\t\t\t<a class=\"elementor-button elementor-button-link elementor-size-sm\" href=\"\/en\/kontaktai\/#registracija\">\n\t\t\t\t\t\t<span class=\"elementor-button-content-wrapper\">\n\t\t\t\t\t\t\t\t\t<span class=\"elementor-button-text\">Register for an appointment<\/span>\n\t\t\t\t\t<\/span>\n\t\t\t\t\t<\/a>\n\t\t\t\t<\/div>\n\t\t\t\t\t\t\t\t<\/div>\n\t\t\t\t<\/div>\n\t\t\t\t<\/div>\n\t\t\t\t\t<\/div>\n\t\t\t\t<\/div>\n\t\t<div class=\"elementor-element elementor-element-d0f0c45 e-flex e-con-boxed e-con e-parent\" data-id=\"d0f0c45\" data-element_type=\"container\" data-e-type=\"container\">\n\t\t\t\t\t<div class=\"e-con-inner\">\n\t\t\t\t<div class=\"elementor-element elementor-element-0b33242 elementor-widget elementor-widget-heading\" data-id=\"0b33242\" data-element_type=\"widget\" data-e-type=\"widget\" data-widget_type=\"heading.default\">\n\t\t\t\t<div class=\"elementor-widget-container\">\n\t\t\t\t\t<h2 class=\"elementor-heading-title elementor-size-default\">Specialists<\/h2>\t\t\t\t<\/div>\n\t\t\t\t<\/div>\n\t\t<div class=\"elementor-element elementor-element-9d49f08 e-flex e-con-boxed e-con e-child\" data-id=\"9d49f08\" data-element_type=\"container\" data-e-type=\"container\">\n\t\t\t\t\t<div class=\"e-con-inner\">\n\t\t\t\t<div class=\"elementor-element elementor-element-afe6024 elementor-widget__width-initial elementor-position-top elementor-widget elementor-widget-image-box\" data-id=\"afe6024\" data-element_type=\"widget\" data-e-type=\"widget\" data-widget_type=\"image-box.default\">\n\t\t\t\t<div class=\"elementor-widget-container\">\n\t\t\t\t\t<div class=\"elementor-image-box-wrapper\"><figure class=\"elementor-image-box-img\"><img decoding=\"async\" width=\"1080\" height=\"1520\" src=\"https:\/\/lavidenta.lt\/wp-content\/uploads\/2025\/06\/9.webp\" class=\"attachment-full size-full wp-image-685\" alt=\"\" srcset=\"https:\/\/lavidenta.lt\/wp-content\/uploads\/2025\/06\/9.webp 1080w, https:\/\/lavidenta.lt\/wp-content\/uploads\/2025\/06\/9-213x300.webp 213w, https:\/\/lavidenta.lt\/wp-content\/uploads\/2025\/06\/9-728x1024.webp 728w, https:\/\/lavidenta.lt\/wp-content\/uploads\/2025\/06\/9-768x1081.webp 768w\" sizes=\"(max-width: 1080px) 100vw, 1080px\" \/><\/figure><div class=\"elementor-image-box-content\"><h3 class=\"elementor-image-box-title\">Tautvydas Andriulionis<\/h3><p class=\"elementor-image-box-description\">Dentist, Implantologist\n<\/p><\/div><\/div>\t\t\t\t<\/div>\n\t\t\t\t<\/div>\n\t\t\t\t\t<\/div>\n\t\t\t\t<\/div>\n\t\t\t\t\t<\/div>\n\t\t\t\t<\/div>\n\t\t\t\t<\/div>","protected":false},"excerpt":{"rendered":"<p>\u00a0 Kartais net ir labiausiai puosel\u0117jamo danties i\u0161saugoti nepavyksta ir tenka j\u012f pa\u0161alinti. Tokiu atveju \u0161ypsen\u0105 atkurti norisi greitai, kokybi\u0161kai ir ilgam. Implantas \u2013 tai nat\u016bralios danties \u0161aknies pakaitalas, primenantis ma\u017eyt\u012f var\u017etel\u012f. Atstatin\u0117jant prarast\u0105 dant\u012f, implantas \u012fsriegiamas \u012f \u017eandikaul\u012f. Prie jo tvirtinama danties kar\u016bn\u0117l\u0117. Registruokit\u0117s jau dabar ir su\u017einokite, kaip i\u0161saugoti nepriekai\u0161ting\u0105 \u0161ypsen\u0105. Gydytoj\u0173 rekomendacijos [&hellip;]<\/p>\n","protected":false},"author":1,"featured_media":0,"parent":0,"menu_order":0,"comment_status":"closed","ping_status":"closed","template":"elementor_header_footer","meta":{"footnotes":""},"class_list":["post-399","page","type-page","status-publish","hentry"],"yoast_head":"<!-- This site is optimized with the Yoast SEO plugin v27.5 - https:\/\/yoast.com\/product\/yoast-seo-wordpress\/ -->\n<title>Implantacija - lavidenta.lt<\/title>\n<meta name=\"robots\" content=\"index, follow, max-snippet:-1, max-image-preview:large, max-video-preview:-1\" \/>\n<link rel=\"canonical\" href=\"https:\/\/lavidenta.lt\/en\/implantacija\/\" \/>\n<meta property=\"og:locale\" content=\"en_GB\" \/>\n<meta property=\"og:type\" content=\"article\" \/>\n<meta property=\"og:title\" content=\"Implantacija - lavidenta.lt\" \/>\n<meta property=\"og:description\" content=\"\u00a0 Kartais net ir labiausiai puosel\u0117jamo danties i\u0161saugoti nepavyksta ir tenka j\u012f pa\u0161alinti. Tokiu atveju \u0161ypsen\u0105 atkurti norisi greitai, kokybi\u0161kai ir ilgam. Implantas \u2013 tai nat\u016bralios danties \u0161aknies pakaitalas, primenantis ma\u017eyt\u012f var\u017etel\u012f. Atstatin\u0117jant prarast\u0105 dant\u012f, implantas \u012fsriegiamas \u012f \u017eandikaul\u012f. Prie jo tvirtinama danties kar\u016bn\u0117l\u0117. Registruokit\u0117s jau dabar ir su\u017einokite, kaip i\u0161saugoti nepriekai\u0161ting\u0105 \u0161ypsen\u0105. Gydytoj\u0173 rekomendacijos [&hellip;]\" \/>\n<meta property=\"og:url\" content=\"https:\/\/lavidenta.lt\/en\/implantacija\/\" \/>\n<meta property=\"og:site_name\" content=\"lavidenta.lt\" \/>\n<meta property=\"article:modified_time\" content=\"2025-06-10T10:45:38+00:00\" \/>\n<meta property=\"og:image\" content=\"https:\/\/lavidenta.lt\/wp-content\/uploads\/2025\/06\/DSC06676.webp\" \/>\n<meta name=\"twitter:card\" content=\"summary_large_image\" \/>\n<meta name=\"twitter:label1\" content=\"Estimated reading time\" \/>\n\t<meta name=\"twitter:data1\" content=\"2 minutes\" \/>\n<script type=\"application\/ld+json\" class=\"yoast-schema-graph\">{\"@context\":\"https:\\\/\\\/schema.org\",\"@graph\":[{\"@type\":\"WebPage\",\"@id\":\"https:\\\/\\\/lavidenta.lt\\\/implantacija\\\/\",\"url\":\"https:\\\/\\\/lavidenta.lt\\\/implantacija\\\/\",\"name\":\"Implantacija - lavidenta.lt\",\"isPartOf\":{\"@id\":\"https:\\\/\\\/lavidenta.lt\\\/#website\"},\"primaryImageOfPage\":{\"@id\":\"https:\\\/\\\/lavidenta.lt\\\/implantacija\\\/#primaryimage\"},\"image\":{\"@id\":\"https:\\\/\\\/lavidenta.lt\\\/implantacija\\\/#primaryimage\"},\"thumbnailUrl\":\"https:\\\/\\\/lavidenta.lt\\\/wp-content\\\/uploads\\\/2025\\\/06\\\/DSC06676.webp\",\"datePublished\":\"2024-04-04T06:53:08+00:00\",\"dateModified\":\"2025-06-10T10:45:38+00:00\",\"breadcrumb\":{\"@id\":\"https:\\\/\\\/lavidenta.lt\\\/implantacija\\\/#breadcrumb\"},\"inLanguage\":\"en-GB\",\"potentialAction\":[{\"@type\":\"ReadAction\",\"target\":[\"https:\\\/\\\/lavidenta.lt\\\/implantacija\\\/\"]}]},{\"@type\":\"ImageObject\",\"inLanguage\":\"en-GB\",\"@id\":\"https:\\\/\\\/lavidenta.lt\\\/implantacija\\\/#primaryimage\",\"url\":\"https:\\\/\\\/lavidenta.lt\\\/wp-content\\\/uploads\\\/2025\\\/06\\\/DSC06676.webp\",\"contentUrl\":\"https:\\\/\\\/lavidenta.lt\\\/wp-content\\\/uploads\\\/2025\\\/06\\\/DSC06676.webp\"},{\"@type\":\"BreadcrumbList\",\"@id\":\"https:\\\/\\\/lavidenta.lt\\\/implantacija\\\/#breadcrumb\",\"itemListElement\":[{\"@type\":\"ListItem\",\"position\":1,\"name\":\"Home\",\"item\":\"https:\\\/\\\/lavidenta.lt\\\/\"},{\"@type\":\"ListItem\",\"position\":2,\"name\":\"Implantacija\"}]},{\"@type\":\"WebSite\",\"@id\":\"https:\\\/\\\/lavidenta.lt\\\/#website\",\"url\":\"https:\\\/\\\/lavidenta.lt\\\/\",\"name\":\"lavidenta.lt\",\"description\":\"\",\"publisher\":{\"@id\":\"https:\\\/\\\/lavidenta.lt\\\/#organization\"},\"potentialAction\":[{\"@type\":\"SearchAction\",\"target\":{\"@type\":\"EntryPoint\",\"urlTemplate\":\"https:\\\/\\\/lavidenta.lt\\\/?s={search_term_string}\"},\"query-input\":{\"@type\":\"PropertyValueSpecification\",\"valueRequired\":true,\"valueName\":\"search_term_string\"}}],\"inLanguage\":\"en-GB\"},{\"@type\":\"Organization\",\"@id\":\"https:\\\/\\\/lavidenta.lt\\\/#organization\",\"name\":\"lavidenta.lt\",\"url\":\"https:\\\/\\\/lavidenta.lt\\\/\",\"logo\":{\"@type\":\"ImageObject\",\"inLanguage\":\"en-GB\",\"@id\":\"https:\\\/\\\/lavidenta.lt\\\/#\\\/schema\\\/logo\\\/image\\\/\",\"url\":\"https:\\\/\\\/lavidenta.lt\\\/wp-content\\\/uploads\\\/2024\\\/03\\\/lavidenta-logo-n.svg\",\"contentUrl\":\"https:\\\/\\\/lavidenta.lt\\\/wp-content\\\/uploads\\\/2024\\\/03\\\/lavidenta-logo-n.svg\",\"width\":666,\"height\":145,\"caption\":\"lavidenta.lt\"},\"image\":{\"@id\":\"https:\\\/\\\/lavidenta.lt\\\/#\\\/schema\\\/logo\\\/image\\\/\"}}]}<\/script>\n<!-- \/ Yoast SEO plugin. -->","yoast_head_json":{"title":"Implantacija - lavidenta.lt","robots":{"index":"index","follow":"follow","max-snippet":"max-snippet:-1","max-image-preview":"max-image-preview:large","max-video-preview":"max-video-preview:-1"},"canonical":"https:\/\/lavidenta.lt\/en\/implantacija\/","og_locale":"en_GB","og_type":"article","og_title":"Implantacija - lavidenta.lt","og_description":"\u00a0 Kartais net ir labiausiai puosel\u0117jamo danties i\u0161saugoti nepavyksta ir tenka j\u012f pa\u0161alinti. Tokiu atveju \u0161ypsen\u0105 atkurti norisi greitai, kokybi\u0161kai ir ilgam. Implantas \u2013 tai nat\u016bralios danties \u0161aknies pakaitalas, primenantis ma\u017eyt\u012f var\u017etel\u012f. Atstatin\u0117jant prarast\u0105 dant\u012f, implantas \u012fsriegiamas \u012f \u017eandikaul\u012f. Prie jo tvirtinama danties kar\u016bn\u0117l\u0117. Registruokit\u0117s jau dabar ir su\u017einokite, kaip i\u0161saugoti nepriekai\u0161ting\u0105 \u0161ypsen\u0105. Gydytoj\u0173 rekomendacijos [&hellip;]","og_url":"https:\/\/lavidenta.lt\/en\/implantacija\/","og_site_name":"lavidenta.lt","article_modified_time":"2025-06-10T10:45:38+00:00","og_image":[{"url":"https:\/\/lavidenta.lt\/wp-content\/uploads\/2025\/06\/DSC06676.webp","type":"","width":"","height":""}],"twitter_card":"summary_large_image","twitter_misc":{"Estimated reading time":"2 minutes"},"schema":{"@context":"https:\/\/schema.org","@graph":[{"@type":"WebPage","@id":"https:\/\/lavidenta.lt\/implantacija\/","url":"https:\/\/lavidenta.lt\/implantacija\/","name":"Implantacija - lavidenta.lt","isPartOf":{"@id":"https:\/\/lavidenta.lt\/#website"},"primaryImageOfPage":{"@id":"https:\/\/lavidenta.lt\/implantacija\/#primaryimage"},"image":{"@id":"https:\/\/lavidenta.lt\/implantacija\/#primaryimage"},"thumbnailUrl":"https:\/\/lavidenta.lt\/wp-content\/uploads\/2025\/06\/DSC06676.webp","datePublished":"2024-04-04T06:53:08+00:00","dateModified":"2025-06-10T10:45:38+00:00","breadcrumb":{"@id":"https:\/\/lavidenta.lt\/implantacija\/#breadcrumb"},"inLanguage":"en-GB","potentialAction":[{"@type":"ReadAction","target":["https:\/\/lavidenta.lt\/implantacija\/"]}]},{"@type":"ImageObject","inLanguage":"en-GB","@id":"https:\/\/lavidenta.lt\/implantacija\/#primaryimage","url":"https:\/\/lavidenta.lt\/wp-content\/uploads\/2025\/06\/DSC06676.webp","contentUrl":"https:\/\/lavidenta.lt\/wp-content\/uploads\/2025\/06\/DSC06676.webp"},{"@type":"BreadcrumbList","@id":"https:\/\/lavidenta.lt\/implantacija\/#breadcrumb","itemListElement":[{"@type":"ListItem","position":1,"name":"Home","item":"https:\/\/lavidenta.lt\/"},{"@type":"ListItem","position":2,"name":"Implantacija"}]},{"@type":"WebSite","@id":"https:\/\/lavidenta.lt\/#website","url":"https:\/\/lavidenta.lt\/","name":"lavidenta.lt","description":"","publisher":{"@id":"https:\/\/lavidenta.lt\/#organization"},"potentialAction":[{"@type":"SearchAction","target":{"@type":"EntryPoint","urlTemplate":"https:\/\/lavidenta.lt\/?s={search_term_string}"},"query-input":{"@type":"PropertyValueSpecification","valueRequired":true,"valueName":"search_term_string"}}],"inLanguage":"en-GB"},{"@type":"Organization","@id":"https:\/\/lavidenta.lt\/#organization","name":"lavidenta.lt","url":"https:\/\/lavidenta.lt\/","logo":{"@type":"ImageObject","inLanguage":"en-GB","@id":"https:\/\/lavidenta.lt\/#\/schema\/logo\/image\/","url":"https:\/\/lavidenta.lt\/wp-content\/uploads\/2024\/03\/lavidenta-logo-n.svg","contentUrl":"https:\/\/lavidenta.lt\/wp-content\/uploads\/2024\/03\/lavidenta-logo-n.svg","width":666,"height":145,"caption":"lavidenta.lt"},"image":{"@id":"https:\/\/lavidenta.lt\/#\/schema\/logo\/image\/"}}]}},"_links":{"self":[{"href":"https:\/\/lavidenta.lt\/en\/wp-json\/wp\/v2\/pages\/399","targetHints":{"allow":["GET"]}}],"collection":[{"href":"https:\/\/lavidenta.lt\/en\/wp-json\/wp\/v2\/pages"}],"about":[{"href":"https:\/\/lavidenta.lt\/en\/wp-json\/wp\/v2\/types\/page"}],"author":[{"embeddable":true,"href":"https:\/\/lavidenta.lt\/en\/wp-json\/wp\/v2\/users\/1"}],"replies":[{"embeddable":true,"href":"https:\/\/lavidenta.lt\/en\/wp-json\/wp\/v2\/comments?post=399"}],"version-history":[{"count":3,"href":"https:\/\/lavidenta.lt\/en\/wp-json\/wp\/v2\/pages\/399\/revisions"}],"predecessor-version":[{"id":738,"href":"https:\/\/lavidenta.lt\/en\/wp-json\/wp\/v2\/pages\/399\/revisions\/738"}],"wp:attachment":[{"href":"https:\/\/lavidenta.lt\/en\/wp-json\/wp\/v2\/media?parent=399"}],"curies":[{"name":"wp","href":"https:\/\/api.w.org\/{rel}","templated":true}]}}