{"id":420,"date":"2024-04-04T10:02:30","date_gmt":"2024-04-04T07:02:30","guid":{"rendered":"https:\/\/lavidenta.lt\/?page_id=420"},"modified":"2025-09-16T10:57:14","modified_gmt":"2025-09-16T07:57:14","slug":"protezavimas","status":"publish","type":"page","link":"https:\/\/lavidenta.lt\/en\/protezavimas\/","title":{"rendered":"Prosthetics"},"content":{"rendered":"<div data-elementor-type=\"wp-page\" data-elementor-id=\"420\" class=\"elementor elementor-420\" data-elementor-post-type=\"page\">\n\t\t\t\t<div class=\"elementor-element elementor-element-cd8176c e-con-full e-flex e-con e-parent\" data-id=\"cd8176c\" data-element_type=\"container\" data-e-type=\"container\" data-settings=\"{&quot;background_background&quot;:&quot;classic&quot;}\">\n\t\t<div class=\"elementor-element elementor-element-cdc3747 e-con-full e-flex e-con e-child\" data-id=\"cdc3747\" data-element_type=\"container\" data-e-type=\"container\">\n\t\t\t\t<div class=\"elementor-element elementor-element-b8745f7 elementor-widget elementor-widget-heading\" data-id=\"b8745f7\" data-element_type=\"widget\" data-e-type=\"widget\" data-widget_type=\"heading.default\">\n\t\t\t\t<div class=\"elementor-widget-container\">\n\t\t\t\t\t<h1 class=\"elementor-heading-title elementor-size-default\">Prosthetics<\/h1>\t\t\t\t<\/div>\n\t\t\t\t<\/div>\n\t\t\t\t<div class=\"elementor-element elementor-element-02129e9 elementor-widget elementor-widget-text-editor\" data-id=\"02129e9\" data-element_type=\"widget\" data-e-type=\"widget\" data-widget_type=\"text-editor.default\">\n\t\t\t\t<div class=\"elementor-widget-container\">\n\t\t\t\t\t\t\t\t\t<p><strong>For those looking to replace missing teeth<\/strong><\/p><p>Dental prosthetics are a highly effective solution for those wanting to restore lost teeth. Based on dental impressions, dental technicians in the laboratory create strong and aesthetic dental crowns. Since crowns are a very noticeable part of your smile, choose carefully. At our clinic, you can select from a variety of the highest quality prostheses.<\/p>\t\t\t\t\t\t\t\t<\/div>\n\t\t\t\t<\/div>\n\t\t\t\t<\/div>\n\t\t<div class=\"elementor-element elementor-element-5d7063b e-con-full e-flex e-con e-child\" data-id=\"5d7063b\" data-element_type=\"container\" data-e-type=\"container\" data-settings=\"{&quot;background_background&quot;:&quot;classic&quot;}\">\n\t\t\t\t<\/div>\n\t\t\t\t<\/div>\n\t\t<div class=\"elementor-element elementor-element-5ed0a9b e-flex e-con-boxed e-con e-parent\" data-id=\"5ed0a9b\" data-element_type=\"container\" data-e-type=\"container\" data-settings=\"{&quot;background_background&quot;:&quot;classic&quot;}\">\n\t\t\t\t\t<div class=\"e-con-inner\">\n\t\t<div class=\"elementor-element elementor-element-f26a374 e-con-full e-flex e-con e-child\" data-id=\"f26a374\" data-element_type=\"container\" data-e-type=\"container\">\n\t\t\t\t<div class=\"elementor-element elementor-element-e8adff8 elementor-widget elementor-widget-image\" data-id=\"e8adff8\" data-element_type=\"widget\" data-e-type=\"widget\" data-widget_type=\"image.default\">\n\t\t\t\t<div class=\"elementor-widget-container\">\n\t\t\t\t\t\t\t\t\t\t\t\t\t\t\t<img fetchpriority=\"high\" decoding=\"async\" width=\"1200\" height=\"1800\" src=\"https:\/\/lavidenta.lt\/wp-content\/uploads\/2025\/06\/DSC06577.webp\" class=\"attachment-full size-full wp-image-741\" alt=\"\" srcset=\"https:\/\/lavidenta.lt\/wp-content\/uploads\/2025\/06\/DSC06577.webp 1200w, https:\/\/lavidenta.lt\/wp-content\/uploads\/2025\/06\/DSC06577-200x300.webp 200w, https:\/\/lavidenta.lt\/wp-content\/uploads\/2025\/06\/DSC06577-683x1024.webp 683w, https:\/\/lavidenta.lt\/wp-content\/uploads\/2025\/06\/DSC06577-768x1152.webp 768w, https:\/\/lavidenta.lt\/wp-content\/uploads\/2025\/06\/DSC06577-1024x1536.webp 1024w\" sizes=\"(max-width: 1200px) 100vw, 1200px\" \/>\t\t\t\t\t\t\t\t\t\t\t\t\t\t\t<\/div>\n\t\t\t\t<\/div>\n\t\t\t\t<\/div>\n\t\t<div class=\"elementor-element elementor-element-48e51ba e-con-full e-flex e-con e-child\" data-id=\"48e51ba\" data-element_type=\"container\" data-e-type=\"container\">\n\t\t\t\t<div class=\"elementor-element elementor-element-04a9b0c elementor-widget elementor-widget-heading\" data-id=\"04a9b0c\" data-element_type=\"widget\" data-e-type=\"widget\" data-widget_type=\"heading.default\">\n\t\t\t\t<div class=\"elementor-widget-container\">\n\t\t\t\t\t<h2 class=\"elementor-heading-title elementor-size-default\">Dentists' Recommendations<\/h2>\t\t\t\t<\/div>\n\t\t\t\t<\/div>\n\t\t\t\t<div class=\"elementor-element elementor-element-e6d5e25 elementor-widget elementor-widget-text-editor\" data-id=\"e6d5e25\" data-element_type=\"widget\" data-e-type=\"widget\" data-widget_type=\"text-editor.default\">\n\t\t\t\t<div class=\"elementor-widget-container\">\n\t\t\t\t\t\t\t\t\t<p>Prostheses can be removable or fixed. Both types look natural and restore lost chewing and aesthetic functions.<\/p><p>Fixed prostheses are attached to implants. This type of prosthesis restores both severely damaged and missing teeth. Depending on the extent of the damage, crowns, veneers, onlays, and inlays are used.\u00a0<\/p><p>The most suitable prosthetic method is chosen during a consultation with the dentist.\u00a0<\/p>\t\t\t\t\t\t\t\t<\/div>\n\t\t\t\t<\/div>\n\t\t\t\t<div class=\"elementor-element elementor-element-de85b03 elementor-mobile-align-center elementor-widget elementor-widget-button\" data-id=\"de85b03\" data-element_type=\"widget\" data-e-type=\"widget\" data-widget_type=\"button.default\">\n\t\t\t\t<div class=\"elementor-widget-container\">\n\t\t\t\t\t\t\t\t\t<div class=\"elementor-button-wrapper\">\n\t\t\t\t\t<a class=\"elementor-button elementor-button-link elementor-size-sm\" href=\"\/en\/kontaktai\/#registracija\">\n\t\t\t\t\t\t<span class=\"elementor-button-content-wrapper\">\n\t\t\t\t\t\t\t\t\t<span class=\"elementor-button-text\">Register for an appointment<\/span>\n\t\t\t\t\t<\/span>\n\t\t\t\t\t<\/a>\n\t\t\t\t<\/div>\n\t\t\t\t\t\t\t\t<\/div>\n\t\t\t\t<\/div>\n\t\t\t\t<\/div>\n\t\t\t\t\t<\/div>\n\t\t\t\t<\/div>\n\t\t<div class=\"elementor-element elementor-element-d0f0c45 e-flex e-con-boxed e-con e-parent\" data-id=\"d0f0c45\" data-element_type=\"container\" data-e-type=\"container\">\n\t\t\t\t\t<div class=\"e-con-inner\">\n\t\t\t\t<div class=\"elementor-element elementor-element-0b33242 elementor-widget elementor-widget-heading\" data-id=\"0b33242\" data-element_type=\"widget\" data-e-type=\"widget\" data-widget_type=\"heading.default\">\n\t\t\t\t<div class=\"elementor-widget-container\">\n\t\t\t\t\t<h2 class=\"elementor-heading-title elementor-size-default\">Specialists<\/h2>\t\t\t\t<\/div>\n\t\t\t\t<\/div>\n\t\t<div class=\"elementor-element elementor-element-9d49f08 e-flex e-con-boxed e-con e-child\" data-id=\"9d49f08\" data-element_type=\"container\" data-e-type=\"container\">\n\t\t\t\t\t<div class=\"e-con-inner\">\n\t\t\t\t<div class=\"elementor-element elementor-element-156f990 elementor-widget__width-initial elementor-position-top elementor-widget elementor-widget-image-box\" data-id=\"156f990\" data-element_type=\"widget\" data-e-type=\"widget\" data-widget_type=\"image-box.default\">\n\t\t\t\t<div class=\"elementor-widget-container\">\n\t\t\t\t\t<div class=\"elementor-image-box-wrapper\"><figure class=\"elementor-image-box-img\"><img decoding=\"async\" width=\"1080\" height=\"1520\" src=\"https:\/\/lavidenta.lt\/wp-content\/uploads\/2025\/06\/3.webp\" class=\"attachment-full size-full wp-image-679\" alt=\"\" srcset=\"https:\/\/lavidenta.lt\/wp-content\/uploads\/2025\/06\/3.webp 1080w, https:\/\/lavidenta.lt\/wp-content\/uploads\/2025\/06\/3-213x300.webp 213w, https:\/\/lavidenta.lt\/wp-content\/uploads\/2025\/06\/3-728x1024.webp 728w, https:\/\/lavidenta.lt\/wp-content\/uploads\/2025\/06\/3-768x1081.webp 768w\" sizes=\"(max-width: 1080px) 100vw, 1080px\" \/><\/figure><div class=\"elementor-image-box-content\"><h3 class=\"elementor-image-box-title\">Jolita Stund\u017eyt\u0117<\/h3><p class=\"elementor-image-box-description\">Dentist\n<\/p><\/div><\/div>\t\t\t\t<\/div>\n\t\t\t\t<\/div>\n\t\t\t\t<div class=\"elementor-element elementor-element-afe6024 elementor-widget__width-initial elementor-position-top elementor-widget elementor-widget-image-box\" data-id=\"afe6024\" data-element_type=\"widget\" data-e-type=\"widget\" data-widget_type=\"image-box.default\">\n\t\t\t\t<div class=\"elementor-widget-container\">\n\t\t\t\t\t<div class=\"elementor-image-box-wrapper\"><figure class=\"elementor-image-box-img\"><img decoding=\"async\" width=\"1080\" height=\"1520\" src=\"https:\/\/lavidenta.lt\/wp-content\/uploads\/2025\/06\/9.webp\" class=\"attachment-full size-full wp-image-685\" alt=\"\" srcset=\"https:\/\/lavidenta.lt\/wp-content\/uploads\/2025\/06\/9.webp 1080w, https:\/\/lavidenta.lt\/wp-content\/uploads\/2025\/06\/9-213x300.webp 213w, https:\/\/lavidenta.lt\/wp-content\/uploads\/2025\/06\/9-728x1024.webp 728w, https:\/\/lavidenta.lt\/wp-content\/uploads\/2025\/06\/9-768x1081.webp 768w\" sizes=\"(max-width: 1080px) 100vw, 1080px\" \/><\/figure><div class=\"elementor-image-box-content\"><h3 class=\"elementor-image-box-title\">Tautvydas Andriulionis<\/h3><p class=\"elementor-image-box-description\">Dentist, Implantologist\n<\/p><\/div><\/div>\t\t\t\t<\/div>\n\t\t\t\t<\/div>\n\t\t\t\t<div class=\"elementor-element elementor-element-eb0166a elementor-widget__width-initial elementor-position-top elementor-widget elementor-widget-image-box\" data-id=\"eb0166a\" data-element_type=\"widget\" data-e-type=\"widget\" data-widget_type=\"image-box.default\">\n\t\t\t\t<div class=\"elementor-widget-container\">\n\t\t\t\t\t<div class=\"elementor-image-box-wrapper\"><figure class=\"elementor-image-box-img\"><img loading=\"lazy\" decoding=\"async\" width=\"756\" height=\"1064\" src=\"https:\/\/lavidenta.lt\/wp-content\/uploads\/2025\/09\/PAULIUS-BERANKIS-1.webp\" class=\"attachment-full size-full wp-image-807\" alt=\"\" srcset=\"https:\/\/lavidenta.lt\/wp-content\/uploads\/2025\/09\/PAULIUS-BERANKIS-1.webp 756w, https:\/\/lavidenta.lt\/wp-content\/uploads\/2025\/09\/PAULIUS-BERANKIS-1-213x300.webp 213w, https:\/\/lavidenta.lt\/wp-content\/uploads\/2025\/09\/PAULIUS-BERANKIS-1-728x1024.webp 728w, https:\/\/lavidenta.lt\/wp-content\/uploads\/2025\/09\/PAULIUS-BERANKIS-1-9x12.webp 9w\" sizes=\"(max-width: 756px) 100vw, 756px\" \/><\/figure><div class=\"elementor-image-box-content\"><h3 class=\"elementor-image-box-title\">Paulius Berankis<\/h3><p class=\"elementor-image-box-description\">Dentist<\/p><\/div><\/div>\t\t\t\t<\/div>\n\t\t\t\t<\/div>\n\t\t\t\t\t<\/div>\n\t\t\t\t<\/div>\n\t\t\t\t\t<\/div>\n\t\t\t\t<\/div>\n\t\t\t\t<\/div>","protected":false},"excerpt":{"rendered":"<p>Norintiems atkurti prarastus dantis Dant\u0173 protezai \u2013 itin efektyvi priemon\u0117 norintiems atkurti prarastus dantis. Pagal nuimtus dant\u0173 atspaudus, dant\u0173 technikai laboratorijoje gamina tvirtus ir esteti\u0161kus dant\u0173 vainik\u0117lius. Tai \u2013 itin pastebimas \u0161ypsenos komponentas, tod\u0117l rinkit\u0117s atsakingai. M\u016bs\u0173 klinikoje galite rinktis \u012fvairius auk\u0161\u010diausios kokyb\u0117s protezus. Gydytoj\u0173 rekomendacijos Protezai gali b\u016bt i\u0161imami ir fiksuoti. Tiek vieni, tiek [&hellip;]<\/p>\n","protected":false},"author":1,"featured_media":0,"parent":0,"menu_order":0,"comment_status":"closed","ping_status":"closed","template":"elementor_header_footer","meta":{"footnotes":""},"class_list":["post-420","page","type-page","status-publish","hentry"],"yoast_head":"<!-- This site is optimized with the Yoast SEO plugin v27.5 - https:\/\/yoast.com\/product\/yoast-seo-wordpress\/ -->\n<title>Protezavimas - lavidenta.lt<\/title>\n<meta name=\"robots\" content=\"index, follow, max-snippet:-1, max-image-preview:large, max-video-preview:-1\" \/>\n<link rel=\"canonical\" href=\"https:\/\/lavidenta.lt\/en\/protezavimas\/\" \/>\n<meta property=\"og:locale\" content=\"en_GB\" \/>\n<meta property=\"og:type\" content=\"article\" \/>\n<meta property=\"og:title\" content=\"Protezavimas - lavidenta.lt\" \/>\n<meta property=\"og:description\" content=\"Norintiems atkurti prarastus dantis Dant\u0173 protezai \u2013 itin efektyvi priemon\u0117 norintiems atkurti prarastus dantis. Pagal nuimtus dant\u0173 atspaudus, dant\u0173 technikai laboratorijoje gamina tvirtus ir esteti\u0161kus dant\u0173 vainik\u0117lius. Tai \u2013 itin pastebimas \u0161ypsenos komponentas, tod\u0117l rinkit\u0117s atsakingai. M\u016bs\u0173 klinikoje galite rinktis \u012fvairius auk\u0161\u010diausios kokyb\u0117s protezus. Gydytoj\u0173 rekomendacijos Protezai gali b\u016bt i\u0161imami ir fiksuoti. Tiek vieni, tiek [&hellip;]\" \/>\n<meta property=\"og:url\" content=\"https:\/\/lavidenta.lt\/en\/protezavimas\/\" \/>\n<meta property=\"og:site_name\" content=\"lavidenta.lt\" \/>\n<meta property=\"article:modified_time\" content=\"2025-09-16T07:57:14+00:00\" \/>\n<meta property=\"og:image\" content=\"https:\/\/lavidenta.lt\/wp-content\/uploads\/2025\/06\/DSC06577.webp\" \/>\n\t<meta property=\"og:image:width\" content=\"1200\" \/>\n\t<meta property=\"og:image:height\" content=\"1800\" \/>\n\t<meta property=\"og:image:type\" content=\"image\/webp\" \/>\n<meta name=\"twitter:card\" content=\"summary_large_image\" \/>\n<meta name=\"twitter:label1\" content=\"Estimated reading time\" \/>\n\t<meta name=\"twitter:data1\" content=\"2 minutes\" \/>\n<script type=\"application\/ld+json\" class=\"yoast-schema-graph\">{\"@context\":\"https:\\\/\\\/schema.org\",\"@graph\":[{\"@type\":\"WebPage\",\"@id\":\"https:\\\/\\\/lavidenta.lt\\\/protezavimas\\\/\",\"url\":\"https:\\\/\\\/lavidenta.lt\\\/protezavimas\\\/\",\"name\":\"Protezavimas - lavidenta.lt\",\"isPartOf\":{\"@id\":\"https:\\\/\\\/lavidenta.lt\\\/#website\"},\"primaryImageOfPage\":{\"@id\":\"https:\\\/\\\/lavidenta.lt\\\/protezavimas\\\/#primaryimage\"},\"image\":{\"@id\":\"https:\\\/\\\/lavidenta.lt\\\/protezavimas\\\/#primaryimage\"},\"thumbnailUrl\":\"https:\\\/\\\/lavidenta.lt\\\/wp-content\\\/uploads\\\/2025\\\/06\\\/DSC06577.webp\",\"datePublished\":\"2024-04-04T07:02:30+00:00\",\"dateModified\":\"2025-09-16T07:57:14+00:00\",\"breadcrumb\":{\"@id\":\"https:\\\/\\\/lavidenta.lt\\\/protezavimas\\\/#breadcrumb\"},\"inLanguage\":\"en-GB\",\"potentialAction\":[{\"@type\":\"ReadAction\",\"target\":[\"https:\\\/\\\/lavidenta.lt\\\/protezavimas\\\/\"]}]},{\"@type\":\"ImageObject\",\"inLanguage\":\"en-GB\",\"@id\":\"https:\\\/\\\/lavidenta.lt\\\/protezavimas\\\/#primaryimage\",\"url\":\"https:\\\/\\\/lavidenta.lt\\\/wp-content\\\/uploads\\\/2025\\\/06\\\/DSC06577.webp\",\"contentUrl\":\"https:\\\/\\\/lavidenta.lt\\\/wp-content\\\/uploads\\\/2025\\\/06\\\/DSC06577.webp\"},{\"@type\":\"BreadcrumbList\",\"@id\":\"https:\\\/\\\/lavidenta.lt\\\/protezavimas\\\/#breadcrumb\",\"itemListElement\":[{\"@type\":\"ListItem\",\"position\":1,\"name\":\"Home\",\"item\":\"https:\\\/\\\/lavidenta.lt\\\/\"},{\"@type\":\"ListItem\",\"position\":2,\"name\":\"Protezavimas\"}]},{\"@type\":\"WebSite\",\"@id\":\"https:\\\/\\\/lavidenta.lt\\\/#website\",\"url\":\"https:\\\/\\\/lavidenta.lt\\\/\",\"name\":\"lavidenta.lt\",\"description\":\"\",\"publisher\":{\"@id\":\"https:\\\/\\\/lavidenta.lt\\\/#organization\"},\"potentialAction\":[{\"@type\":\"SearchAction\",\"target\":{\"@type\":\"EntryPoint\",\"urlTemplate\":\"https:\\\/\\\/lavidenta.lt\\\/?s={search_term_string}\"},\"query-input\":{\"@type\":\"PropertyValueSpecification\",\"valueRequired\":true,\"valueName\":\"search_term_string\"}}],\"inLanguage\":\"en-GB\"},{\"@type\":\"Organization\",\"@id\":\"https:\\\/\\\/lavidenta.lt\\\/#organization\",\"name\":\"lavidenta.lt\",\"url\":\"https:\\\/\\\/lavidenta.lt\\\/\",\"logo\":{\"@type\":\"ImageObject\",\"inLanguage\":\"en-GB\",\"@id\":\"https:\\\/\\\/lavidenta.lt\\\/#\\\/schema\\\/logo\\\/image\\\/\",\"url\":\"https:\\\/\\\/lavidenta.lt\\\/wp-content\\\/uploads\\\/2024\\\/03\\\/lavidenta-logo-n.svg\",\"contentUrl\":\"https:\\\/\\\/lavidenta.lt\\\/wp-content\\\/uploads\\\/2024\\\/03\\\/lavidenta-logo-n.svg\",\"width\":666,\"height\":145,\"caption\":\"lavidenta.lt\"},\"image\":{\"@id\":\"https:\\\/\\\/lavidenta.lt\\\/#\\\/schema\\\/logo\\\/image\\\/\"}}]}<\/script>\n<!-- \/ Yoast SEO plugin. -->","yoast_head_json":{"title":"Protezavimas - lavidenta.lt","robots":{"index":"index","follow":"follow","max-snippet":"max-snippet:-1","max-image-preview":"max-image-preview:large","max-video-preview":"max-video-preview:-1"},"canonical":"https:\/\/lavidenta.lt\/en\/protezavimas\/","og_locale":"en_GB","og_type":"article","og_title":"Protezavimas - lavidenta.lt","og_description":"Norintiems atkurti prarastus dantis Dant\u0173 protezai \u2013 itin efektyvi priemon\u0117 norintiems atkurti prarastus dantis. Pagal nuimtus dant\u0173 atspaudus, dant\u0173 technikai laboratorijoje gamina tvirtus ir esteti\u0161kus dant\u0173 vainik\u0117lius. Tai \u2013 itin pastebimas \u0161ypsenos komponentas, tod\u0117l rinkit\u0117s atsakingai. M\u016bs\u0173 klinikoje galite rinktis \u012fvairius auk\u0161\u010diausios kokyb\u0117s protezus. Gydytoj\u0173 rekomendacijos Protezai gali b\u016bt i\u0161imami ir fiksuoti. Tiek vieni, tiek [&hellip;]","og_url":"https:\/\/lavidenta.lt\/en\/protezavimas\/","og_site_name":"lavidenta.lt","article_modified_time":"2025-09-16T07:57:14+00:00","og_image":[{"width":1200,"height":1800,"url":"https:\/\/lavidenta.lt\/wp-content\/uploads\/2025\/06\/DSC06577.webp","type":"image\/webp"}],"twitter_card":"summary_large_image","twitter_misc":{"Estimated reading time":"2 minutes"},"schema":{"@context":"https:\/\/schema.org","@graph":[{"@type":"WebPage","@id":"https:\/\/lavidenta.lt\/protezavimas\/","url":"https:\/\/lavidenta.lt\/protezavimas\/","name":"Protezavimas - lavidenta.lt","isPartOf":{"@id":"https:\/\/lavidenta.lt\/#website"},"primaryImageOfPage":{"@id":"https:\/\/lavidenta.lt\/protezavimas\/#primaryimage"},"image":{"@id":"https:\/\/lavidenta.lt\/protezavimas\/#primaryimage"},"thumbnailUrl":"https:\/\/lavidenta.lt\/wp-content\/uploads\/2025\/06\/DSC06577.webp","datePublished":"2024-04-04T07:02:30+00:00","dateModified":"2025-09-16T07:57:14+00:00","breadcrumb":{"@id":"https:\/\/lavidenta.lt\/protezavimas\/#breadcrumb"},"inLanguage":"en-GB","potentialAction":[{"@type":"ReadAction","target":["https:\/\/lavidenta.lt\/protezavimas\/"]}]},{"@type":"ImageObject","inLanguage":"en-GB","@id":"https:\/\/lavidenta.lt\/protezavimas\/#primaryimage","url":"https:\/\/lavidenta.lt\/wp-content\/uploads\/2025\/06\/DSC06577.webp","contentUrl":"https:\/\/lavidenta.lt\/wp-content\/uploads\/2025\/06\/DSC06577.webp"},{"@type":"BreadcrumbList","@id":"https:\/\/lavidenta.lt\/protezavimas\/#breadcrumb","itemListElement":[{"@type":"ListItem","position":1,"name":"Home","item":"https:\/\/lavidenta.lt\/"},{"@type":"ListItem","position":2,"name":"Protezavimas"}]},{"@type":"WebSite","@id":"https:\/\/lavidenta.lt\/#website","url":"https:\/\/lavidenta.lt\/","name":"lavidenta.lt","description":"","publisher":{"@id":"https:\/\/lavidenta.lt\/#organization"},"potentialAction":[{"@type":"SearchAction","target":{"@type":"EntryPoint","urlTemplate":"https:\/\/lavidenta.lt\/?s={search_term_string}"},"query-input":{"@type":"PropertyValueSpecification","valueRequired":true,"valueName":"search_term_string"}}],"inLanguage":"en-GB"},{"@type":"Organization","@id":"https:\/\/lavidenta.lt\/#organization","name":"lavidenta.lt","url":"https:\/\/lavidenta.lt\/","logo":{"@type":"ImageObject","inLanguage":"en-GB","@id":"https:\/\/lavidenta.lt\/#\/schema\/logo\/image\/","url":"https:\/\/lavidenta.lt\/wp-content\/uploads\/2024\/03\/lavidenta-logo-n.svg","contentUrl":"https:\/\/lavidenta.lt\/wp-content\/uploads\/2024\/03\/lavidenta-logo-n.svg","width":666,"height":145,"caption":"lavidenta.lt"},"image":{"@id":"https:\/\/lavidenta.lt\/#\/schema\/logo\/image\/"}}]}},"_links":{"self":[{"href":"https:\/\/lavidenta.lt\/en\/wp-json\/wp\/v2\/pages\/420","targetHints":{"allow":["GET"]}}],"collection":[{"href":"https:\/\/lavidenta.lt\/en\/wp-json\/wp\/v2\/pages"}],"about":[{"href":"https:\/\/lavidenta.lt\/en\/wp-json\/wp\/v2\/types\/page"}],"author":[{"embeddable":true,"href":"https:\/\/lavidenta.lt\/en\/wp-json\/wp\/v2\/users\/1"}],"replies":[{"embeddable":true,"href":"https:\/\/lavidenta.lt\/en\/wp-json\/wp\/v2\/comments?post=420"}],"version-history":[{"count":3,"href":"https:\/\/lavidenta.lt\/en\/wp-json\/wp\/v2\/pages\/420\/revisions"}],"predecessor-version":[{"id":816,"href":"https:\/\/lavidenta.lt\/en\/wp-json\/wp\/v2\/pages\/420\/revisions\/816"}],"wp:attachment":[{"href":"https:\/\/lavidenta.lt\/en\/wp-json\/wp\/v2\/media?parent=420"}],"curies":[{"name":"wp","href":"https:\/\/api.w.org\/{rel}","templated":true}]}}